{"id":2250,"date":"2019-03-17T12:04:52","date_gmt":"2019-03-17T12:04:52","guid":{"rendered":"https:\/\/www.tammerbrands.fi\/?page_id=2250"},"modified":"2022-05-17T11:25:14","modified_gmt":"2022-05-17T08:25:14","slug":"data-protection","status":"publish","type":"page","link":"https:\/\/www.tammerbrands.fi\/en\/data-protection\/","title":{"rendered":"Data protection"},"content":{"rendered":"<div class=\"fusion-fullwidth fullwidth-box fusion-builder-row-1 nonhundred-percent-fullwidth non-hundred-percent-height-scrolling\" style=\"--awb-border-radius-top-left:0px;--awb-border-radius-top-right:0px;--awb-border-radius-bottom-right:0px;--awb-border-radius-bottom-left:0px;--awb-margin-top:8%;--awb-margin-bottom:6%;--awb-flex-wrap:wrap;\" ><div class=\"fusion-builder-row fusion-row\"><div class=\"fusion-layout-column fusion_builder_column fusion-builder-column-0 fusion_builder_column_1_1 1_1 fusion-one-full fusion-column-first fusion-column-last\" style=\"--awb-bg-size:cover;\"><div class=\"fusion-column-wrapper fusion-flex-column-wrapper-legacy\"><div class=\"fusion-text fusion-text-1\"><h1>YOUR TRUST IS IMPORTANT TO US.<\/h1>\n<p>Privacy is an important issue for us. As well as intra-company operation, that our cooperation with customers and other stakeholders, we are guided by responsibility and reliability. We want to provide our customers with good service and at the same time we are committed to ensuring the privacy of our customers. From the privacy policies below, you can read in more detail about the data protection principles and data processing criteria.<\/p>\n<p><strong><a href=\"https:\/\/www.tammerbrands.fi\/en\/data-protection\/customer-service\/\" target=\"_blank\" rel=\"noopener noreferrer\">Consumer service<\/a><\/strong><\/p>\n<p><strong><a href=\"https:\/\/www.tammerbrands.fi\/en\/data-protection\/customer-database\/\" target=\"_blank\" rel=\"noopener noreferrer\">Customer database<\/a><\/strong><\/p>\n<p><strong><a href=\"https:\/\/www.tammerbrands.fi\/en\/data-protection\/consumer-online-store-data-security\/\" target=\"_blank\" rel=\"noopener noreferrer\">Consumer online store<\/a><\/strong><\/p>\n<p><a href=\"https:\/\/www.tammerbrands.fi\/en\/data-protection\/consumer-campaigns\/\" target=\"_blank\" rel=\"noopener noreferrer\"><strong>Consumer campaigns<\/strong><\/a><\/p>\n<p><strong><a href=\"https:\/\/www.tammerbrands.fi\/en\/data-protection\/social-media-campaigns\/\">Social media campaigns<\/a><\/strong><\/p>\n<p><strong><a href=\"https:\/\/www.tammerbrands.fi\/en\/data-protection\/cookies-on-our-websites\/\">Cookies on our websites (EN)<\/a><\/strong><\/p>\n<p><a href=\"https:\/\/www.tammerbrands.fi\/en\/data-protection\/kakor-pa-var-webbplats\/\" target=\"_blank\" rel=\"noopener\"><strong>Kakor p\u00e5 v\u00e5r webbplats (SV)<\/strong><\/a><\/p>\n<p><a href=\"https:\/\/www.tammerbrands.fi\/en\/data-protection\/meie-veebilehe-kupsised\/\"><strong>Meie veebilehe k\u00fcpsised (ET)<\/strong><\/a><\/p>\n<p><a href=\"https:\/\/www.tammerbrands.fi\/en\/data-protection\/musu-majaslapa-izmantotas-sikdatnes\/\"><strong>M\u016bsu m\u0101jaslap\u0101 izmantot\u0101s s\u012bkdatnes (LV)<\/strong><\/a><\/p>\n<p><a href=\"https:\/\/www.tammerbrands.fi\/en\/data-protection\/slapukai-musu-svetaineje\/\"><strong>Slapukai m\u016bs\u0173 svetain\u0117je (LT)<\/strong><\/a><\/p>\n<\/div><div class=\"fusion-clearfix\"><\/div><\/div><\/div><\/div><\/div>\n","protected":false},"excerpt":{"rendered":"","protected":false},"author":3,"featured_media":0,"parent":0,"menu_order":0,"comment_status":"closed","ping_status":"closed","template":"100-width.php","meta":{"footnotes":""},"class_list":["post-2250","page","type-page","status-publish","hentry"],"yoast_head":"<!-- This site is optimized with the Yoast SEO plugin v27.4 - https:\/\/yoast.com\/product\/yoast-seo-wordpress\/ -->\n<title>Data protection - Tammer Brands<\/title>\n<meta name=\"robots\" content=\"index, follow, max-snippet:-1, max-image-preview:large, max-video-preview:-1\" \/>\n<link rel=\"canonical\" href=\"https:\/\/www.tammerbrands.fi\/en\/data-protection\/\" \/>\n<meta property=\"og:locale\" content=\"en_US\" \/>\n<meta property=\"og:type\" content=\"article\" \/>\n<meta property=\"og:title\" content=\"Data protection - Tammer Brands\" \/>\n<meta property=\"og:url\" content=\"https:\/\/www.tammerbrands.fi\/en\/data-protection\/\" \/>\n<meta property=\"og:site_name\" content=\"Tammer Brands\" \/>\n<meta property=\"article:modified_time\" content=\"2022-05-17T08:25:14+00:00\" \/>\n<meta name=\"twitter:card\" content=\"summary_large_image\" \/>\n<meta name=\"twitter:label1\" content=\"Est. reading time\" \/>\n\t<meta name=\"twitter:data1\" content=\"1 minute\" \/>\n<script type=\"application\/ld+json\" class=\"yoast-schema-graph\">{\"@context\":\"https:\\\/\\\/schema.org\",\"@graph\":[{\"@type\":\"WebPage\",\"@id\":\"https:\\\/\\\/www.tammerbrands.fi\\\/en\\\/data-protection\\\/\",\"url\":\"https:\\\/\\\/www.tammerbrands.fi\\\/en\\\/data-protection\\\/\",\"name\":\"Data protection - Tammer Brands\",\"isPartOf\":{\"@id\":\"https:\\\/\\\/www.tammerbrands.fi\\\/#website\"},\"datePublished\":\"2019-03-17T12:04:52+00:00\",\"dateModified\":\"2022-05-17T08:25:14+00:00\",\"breadcrumb\":{\"@id\":\"https:\\\/\\\/www.tammerbrands.fi\\\/en\\\/data-protection\\\/#breadcrumb\"},\"inLanguage\":\"en-US\",\"potentialAction\":[{\"@type\":\"ReadAction\",\"target\":[\"https:\\\/\\\/www.tammerbrands.fi\\\/en\\\/data-protection\\\/\"]}]},{\"@type\":\"BreadcrumbList\",\"@id\":\"https:\\\/\\\/www.tammerbrands.fi\\\/en\\\/data-protection\\\/#breadcrumb\",\"itemListElement\":[{\"@type\":\"ListItem\",\"position\":1,\"name\":\"Home\",\"item\":\"https:\\\/\\\/www.tammerbrands.fi\\\/en\\\/\"},{\"@type\":\"ListItem\",\"position\":2,\"name\":\"Data protection\"}]},{\"@type\":\"WebSite\",\"@id\":\"https:\\\/\\\/www.tammerbrands.fi\\\/#website\",\"url\":\"https:\\\/\\\/www.tammerbrands.fi\\\/\",\"name\":\"Tammer Brands\",\"description\":\"Mukana arjessa ja juhlassa\",\"potentialAction\":[{\"@type\":\"SearchAction\",\"target\":{\"@type\":\"EntryPoint\",\"urlTemplate\":\"https:\\\/\\\/www.tammerbrands.fi\\\/?s={search_term_string}\"},\"query-input\":{\"@type\":\"PropertyValueSpecification\",\"valueRequired\":true,\"valueName\":\"search_term_string\"}}],\"inLanguage\":\"en-US\"}]}<\/script>\n<!-- \/ Yoast SEO plugin. -->","yoast_head_json":{"title":"Data protection - Tammer Brands","robots":{"index":"index","follow":"follow","max-snippet":"max-snippet:-1","max-image-preview":"max-image-preview:large","max-video-preview":"max-video-preview:-1"},"canonical":"https:\/\/www.tammerbrands.fi\/en\/data-protection\/","og_locale":"en_US","og_type":"article","og_title":"Data protection - Tammer Brands","og_url":"https:\/\/www.tammerbrands.fi\/en\/data-protection\/","og_site_name":"Tammer Brands","article_modified_time":"2022-05-17T08:25:14+00:00","twitter_card":"summary_large_image","twitter_misc":{"Est. reading time":"1 minute"},"schema":{"@context":"https:\/\/schema.org","@graph":[{"@type":"WebPage","@id":"https:\/\/www.tammerbrands.fi\/en\/data-protection\/","url":"https:\/\/www.tammerbrands.fi\/en\/data-protection\/","name":"Data protection - Tammer Brands","isPartOf":{"@id":"https:\/\/www.tammerbrands.fi\/#website"},"datePublished":"2019-03-17T12:04:52+00:00","dateModified":"2022-05-17T08:25:14+00:00","breadcrumb":{"@id":"https:\/\/www.tammerbrands.fi\/en\/data-protection\/#breadcrumb"},"inLanguage":"en-US","potentialAction":[{"@type":"ReadAction","target":["https:\/\/www.tammerbrands.fi\/en\/data-protection\/"]}]},{"@type":"BreadcrumbList","@id":"https:\/\/www.tammerbrands.fi\/en\/data-protection\/#breadcrumb","itemListElement":[{"@type":"ListItem","position":1,"name":"Home","item":"https:\/\/www.tammerbrands.fi\/en\/"},{"@type":"ListItem","position":2,"name":"Data protection"}]},{"@type":"WebSite","@id":"https:\/\/www.tammerbrands.fi\/#website","url":"https:\/\/www.tammerbrands.fi\/","name":"Tammer Brands","description":"Mukana arjessa ja juhlassa","potentialAction":[{"@type":"SearchAction","target":{"@type":"EntryPoint","urlTemplate":"https:\/\/www.tammerbrands.fi\/?s={search_term_string}"},"query-input":{"@type":"PropertyValueSpecification","valueRequired":true,"valueName":"search_term_string"}}],"inLanguage":"en-US"}]}},"_links":{"self":[{"href":"https:\/\/www.tammerbrands.fi\/en\/wp-json\/wp\/v2\/pages\/2250","targetHints":{"allow":["GET"]}}],"collection":[{"href":"https:\/\/www.tammerbrands.fi\/en\/wp-json\/wp\/v2\/pages"}],"about":[{"href":"https:\/\/www.tammerbrands.fi\/en\/wp-json\/wp\/v2\/types\/page"}],"author":[{"embeddable":true,"href":"https:\/\/www.tammerbrands.fi\/en\/wp-json\/wp\/v2\/users\/3"}],"replies":[{"embeddable":true,"href":"https:\/\/www.tammerbrands.fi\/en\/wp-json\/wp\/v2\/comments?post=2250"}],"version-history":[{"count":19,"href":"https:\/\/www.tammerbrands.fi\/en\/wp-json\/wp\/v2\/pages\/2250\/revisions"}],"predecessor-version":[{"id":5434,"href":"https:\/\/www.tammerbrands.fi\/en\/wp-json\/wp\/v2\/pages\/2250\/revisions\/5434"}],"wp:attachment":[{"href":"https:\/\/www.tammerbrands.fi\/en\/wp-json\/wp\/v2\/media?parent=2250"}],"curies":[{"name":"wp","href":"https:\/\/api.w.org\/{rel}","templated":true}]}}