{"id":5427,"date":"2022-05-17T11:18:19","date_gmt":"2022-05-17T08:18:19","guid":{"rendered":"https:\/\/www.tammerbrands.fi\/?page_id=5427"},"modified":"2022-05-17T11:18:49","modified_gmt":"2022-05-17T08:18:49","slug":"meie-veebilehe-kupsised","status":"publish","type":"page","link":"https:\/\/www.tammerbrands.fi\/en\/data-protection\/meie-veebilehe-kupsised\/","title":{"rendered":"Meie veebilehe k\u00fcpsised"},"content":{"rendered":"<div class=\"fusion-fullwidth fullwidth-box fusion-builder-row-1 fusion-flex-container nonhundred-percent-fullwidth non-hundred-percent-height-scrolling\" style=\"--awb-border-radius-top-left:0px;--awb-border-radius-top-right:0px;--awb-border-radius-bottom-right:0px;--awb-border-radius-bottom-left:0px;--awb-flex-wrap:wrap;\" ><div class=\"fusion-builder-row fusion-row fusion-flex-align-items-flex-start fusion-flex-content-wrap\" style=\"max-width:1144px;margin-left: calc(-4% \/ 2 );margin-right: calc(-4% \/ 2 );\"><div class=\"fusion-layout-column fusion_builder_column fusion-builder-column-0 fusion_builder_column_1_1 1_1 fusion-flex-column\" style=\"--awb-bg-size:cover;--awb-width-large:100%;--awb-margin-top-large:0px;--awb-spacing-right-large:1.92%;--awb-margin-bottom-large:20px;--awb-spacing-left-large:1.92%;--awb-width-medium:100%;--awb-order-medium:0;--awb-spacing-right-medium:1.92%;--awb-spacing-left-medium:1.92%;--awb-width-small:100%;--awb-order-small:0;--awb-spacing-right-small:1.92%;--awb-spacing-left-small:1.92%;\"><div class=\"fusion-column-wrapper fusion-column-has-shadow fusion-flex-justify-content-flex-start fusion-content-layout-column\"><div class=\"fusion-text fusion-text-1\"><h1><strong>Meie veebilehe k\u00fcpsised<\/strong><\/h1>\n<p>Tammer Brands kasutab oma veebilehel k\u00fcpsiseid tegevuse arendamiseks ja teenuse parendamiseks. Sel lehel on esitatud lisateavet nende k\u00fcpsiste kohta, mida kasutatakse Tammer Brandsi ning tema esindatavate teenuste ja br\u00e4ndide veebilehtedel.<\/p>\n<p>Soovi korral v\u00f5ite veebilehte kasutada ka ilma k\u00fcpsisteta, kui valite k\u00fcpsiste kasutamise teate juures vastava variandi. Kasutada v\u00f5ib ka k\u00fcpsiste t\u00f5kestamise tarkvara. See v\u00f5ib v\u00e4hendada saada olevate andmete t\u00e4psust.<\/p>\n<p><strong>Kontaktandmed<\/strong><br \/>\nTammer Brands Oy<br \/>\nViinikankatu 36<br \/>\n33800 Tampere<\/p>\n<p>tel 03 2521 111<br \/>\ne-post <a href=\"&#x6d;&#x61;&#x69;&#x6c;&#x74;&#x6f;&#x3a;&#x63;&#x69;&#x73;&#x6f;&#x40;&#x74;&#x61;&#x6d;&#x6d;&#x65;&#x72;&#x62;&#x72;&#x61;&#x6e;&#x64;&#x73;&#x2e;&#x66;&#x69;\">&#x63;&#105;&#115;o&#x40;&#x74;&#97;m&#x6d;&#x65;&#114;br&#x61;&#110;&#100;s&#x2e;&#x66;&#105;<\/a><\/p>\n<p><strong>Peamised kontaktisikud<\/strong><br \/>\nAndmeturve ja -kaitse: andmeturbejuht Kyuu Eturautti<br \/>\nVeebipood ja muud elektroonilised teenused: Hanna Kolulahti<\/p>\n<p><strong>Kehtivus<\/strong><br \/>\nAndmekaitsetingimused j\u00f5ustuvad 23.2.2021 ja kehtivad t\u00e4htajatult.<\/p>\n<p><strong>Kasutusotstarve<\/strong><br \/>\nK\u00fcpsiste kasutamise otstarve on saada paremat teavet veebilehe k\u00fclastajate kohta statistika, tootearenduse, kvaliteedikontrolli ja turundusega seotud eesm\u00e4rkidel. Kasutame saadud andmeid vaid oma tegevuses.<\/p>\n<p><strong>Kasutatud teenusepakkujad<\/strong><br \/>\nVeebilehel v\u00f5idakse kasutada j\u00e4rgmisi turundusega seotud k\u00fcpsiseid. K\u00f5ik k\u00fcpsised ei pruugi tingimata k\u00f5igil veebilehtedel kasutusel olla.<\/p>\n<ol>\n<li>Google Analytics. Google Analyticsi k\u00fcpsiste abil saame j\u00e4lgida veebilehe toimivust ja k\u00fclastusi, et kohandada lehe sisu paremini k\u00fclastajate ootustega.<br \/>\n<a href=\"https:\/\/policies.google.com\/privacy?hl=fi\">https:\/\/policies.google.com\/privacy?hl=fi<\/a><\/li>\n<li>Google Ads. Google Ads-i k\u00fcpsiste abil pakume suunatud turundust ning hindame kampaaniate t\u00f5husust.<br \/>\n<a href=\"https:\/\/policies.google.com\/privacy?hl=fi\">https:\/\/policies.google.com\/privacy?hl=fi<\/a><\/li>\n<li>Agency Analytics. Agency Analyticsi k\u00fcpsiseid kasutame kampaaniate aruandluseks.<br \/>\n<a href=\"https:\/\/agencyanalytics.com\/company\/terms\">https:\/\/agencyanalytics.com\/company\/terms<\/a><\/li>\n<li>Adform. Adformi k\u00fcpsiste abil saame turundust paremini suunata ning m\u00f5\u00f5ta reklaami t\u00f5husust.<br \/>\n<a href=\"https:\/\/site.adform.com\/privacy-center\/platform-privacy\/opt-out\/\">https:\/\/site.adform.com\/privacy-center\/platform-privacy\/opt-out\/<\/a><\/li>\n<li>Facebook Pixel. Facebook Pixeli j\u00e4lgimise abil saame pakkuda suunatud turundust ja m\u00f5\u00f5ta sotsiaalmeedias l\u00e4bi viidud kampaaniate t\u00f5husust.<br \/>\n<a href=\"https:\/\/www.facebook.com\/about\/privacy\/update\">https:\/\/www.facebook.com\/about\/privacy\/update<\/a><\/li>\n<li>LinkedIn LinkedIni j\u00e4lgimise abil saame pakkuda suunatud turundust ja m\u00f5\u00f5ta sotsiaalmeedias l\u00e4biviidud kampaaniate m\u00f5ju LinkedIni platvormil.<br \/>\n<a href=\"https:\/\/www.linkedin.com\/legal\/privacy-policy\">https:\/\/www.linkedin.com\/legal\/privacy-policy<\/a><\/li>\n<\/ol>\n<\/div><\/div><\/div><\/div><\/div>\n","protected":false},"excerpt":{"rendered":"","protected":false},"author":3,"featured_media":0,"parent":2250,"menu_order":0,"comment_status":"closed","ping_status":"closed","template":"","meta":{"footnotes":""},"class_list":["post-5427","page","type-page","status-publish","hentry"],"yoast_head":"<!-- This site is optimized with the Yoast SEO plugin v27.4 - https:\/\/yoast.com\/product\/yoast-seo-wordpress\/ -->\n<title>Meie veebilehe k\u00fcpsised - Tammer Brands<\/title>\n<meta name=\"robots\" content=\"index, follow, max-snippet:-1, max-image-preview:large, max-video-preview:-1\" \/>\n<link rel=\"canonical\" href=\"https:\/\/www.tammerbrands.fi\/en\/data-protection\/meie-veebilehe-kupsised\/\" \/>\n<meta property=\"og:locale\" content=\"en_US\" \/>\n<meta property=\"og:type\" content=\"article\" \/>\n<meta property=\"og:title\" content=\"Meie veebilehe k\u00fcpsised - Tammer Brands\" \/>\n<meta property=\"og:url\" content=\"https:\/\/www.tammerbrands.fi\/en\/data-protection\/meie-veebilehe-kupsised\/\" \/>\n<meta property=\"og:site_name\" content=\"Tammer Brands\" \/>\n<meta property=\"article:modified_time\" content=\"2022-05-17T08:18:49+00:00\" \/>\n<meta name=\"twitter:card\" content=\"summary_large_image\" \/>\n<meta name=\"twitter:label1\" content=\"Est. reading time\" \/>\n\t<meta name=\"twitter:data1\" content=\"5 minutes\" \/>\n<script type=\"application\/ld+json\" class=\"yoast-schema-graph\">{\"@context\":\"https:\\\/\\\/schema.org\",\"@graph\":[{\"@type\":\"WebPage\",\"@id\":\"https:\\\/\\\/www.tammerbrands.fi\\\/en\\\/data-protection\\\/meie-veebilehe-kupsised\\\/\",\"url\":\"https:\\\/\\\/www.tammerbrands.fi\\\/en\\\/data-protection\\\/meie-veebilehe-kupsised\\\/\",\"name\":\"Meie veebilehe k\u00fcpsised - Tammer Brands\",\"isPartOf\":{\"@id\":\"https:\\\/\\\/www.tammerbrands.fi\\\/#website\"},\"datePublished\":\"2022-05-17T08:18:19+00:00\",\"dateModified\":\"2022-05-17T08:18:49+00:00\",\"breadcrumb\":{\"@id\":\"https:\\\/\\\/www.tammerbrands.fi\\\/en\\\/data-protection\\\/meie-veebilehe-kupsised\\\/#breadcrumb\"},\"inLanguage\":\"en-US\",\"potentialAction\":[{\"@type\":\"ReadAction\",\"target\":[\"https:\\\/\\\/www.tammerbrands.fi\\\/en\\\/data-protection\\\/meie-veebilehe-kupsised\\\/\"]}]},{\"@type\":\"BreadcrumbList\",\"@id\":\"https:\\\/\\\/www.tammerbrands.fi\\\/en\\\/data-protection\\\/meie-veebilehe-kupsised\\\/#breadcrumb\",\"itemListElement\":[{\"@type\":\"ListItem\",\"position\":1,\"name\":\"Home\",\"item\":\"https:\\\/\\\/www.tammerbrands.fi\\\/en\\\/\"},{\"@type\":\"ListItem\",\"position\":2,\"name\":\"Data protection\",\"item\":\"https:\\\/\\\/www.tammerbrands.fi\\\/en\\\/data-protection\\\/\"},{\"@type\":\"ListItem\",\"position\":3,\"name\":\"Meie veebilehe k\u00fcpsised\"}]},{\"@type\":\"WebSite\",\"@id\":\"https:\\\/\\\/www.tammerbrands.fi\\\/#website\",\"url\":\"https:\\\/\\\/www.tammerbrands.fi\\\/\",\"name\":\"Tammer Brands\",\"description\":\"Mukana arjessa ja juhlassa\",\"potentialAction\":[{\"@type\":\"SearchAction\",\"target\":{\"@type\":\"EntryPoint\",\"urlTemplate\":\"https:\\\/\\\/www.tammerbrands.fi\\\/?s={search_term_string}\"},\"query-input\":{\"@type\":\"PropertyValueSpecification\",\"valueRequired\":true,\"valueName\":\"search_term_string\"}}],\"inLanguage\":\"en-US\"}]}<\/script>\n<!-- \/ Yoast SEO plugin. -->","yoast_head_json":{"title":"Meie veebilehe k\u00fcpsised - Tammer Brands","robots":{"index":"index","follow":"follow","max-snippet":"max-snippet:-1","max-image-preview":"max-image-preview:large","max-video-preview":"max-video-preview:-1"},"canonical":"https:\/\/www.tammerbrands.fi\/en\/data-protection\/meie-veebilehe-kupsised\/","og_locale":"en_US","og_type":"article","og_title":"Meie veebilehe k\u00fcpsised - Tammer Brands","og_url":"https:\/\/www.tammerbrands.fi\/en\/data-protection\/meie-veebilehe-kupsised\/","og_site_name":"Tammer Brands","article_modified_time":"2022-05-17T08:18:49+00:00","twitter_card":"summary_large_image","twitter_misc":{"Est. reading time":"5 minutes"},"schema":{"@context":"https:\/\/schema.org","@graph":[{"@type":"WebPage","@id":"https:\/\/www.tammerbrands.fi\/en\/data-protection\/meie-veebilehe-kupsised\/","url":"https:\/\/www.tammerbrands.fi\/en\/data-protection\/meie-veebilehe-kupsised\/","name":"Meie veebilehe k\u00fcpsised - Tammer Brands","isPartOf":{"@id":"https:\/\/www.tammerbrands.fi\/#website"},"datePublished":"2022-05-17T08:18:19+00:00","dateModified":"2022-05-17T08:18:49+00:00","breadcrumb":{"@id":"https:\/\/www.tammerbrands.fi\/en\/data-protection\/meie-veebilehe-kupsised\/#breadcrumb"},"inLanguage":"en-US","potentialAction":[{"@type":"ReadAction","target":["https:\/\/www.tammerbrands.fi\/en\/data-protection\/meie-veebilehe-kupsised\/"]}]},{"@type":"BreadcrumbList","@id":"https:\/\/www.tammerbrands.fi\/en\/data-protection\/meie-veebilehe-kupsised\/#breadcrumb","itemListElement":[{"@type":"ListItem","position":1,"name":"Home","item":"https:\/\/www.tammerbrands.fi\/en\/"},{"@type":"ListItem","position":2,"name":"Data protection","item":"https:\/\/www.tammerbrands.fi\/en\/data-protection\/"},{"@type":"ListItem","position":3,"name":"Meie veebilehe k\u00fcpsised"}]},{"@type":"WebSite","@id":"https:\/\/www.tammerbrands.fi\/#website","url":"https:\/\/www.tammerbrands.fi\/","name":"Tammer Brands","description":"Mukana arjessa ja juhlassa","potentialAction":[{"@type":"SearchAction","target":{"@type":"EntryPoint","urlTemplate":"https:\/\/www.tammerbrands.fi\/?s={search_term_string}"},"query-input":{"@type":"PropertyValueSpecification","valueRequired":true,"valueName":"search_term_string"}}],"inLanguage":"en-US"}]}},"_links":{"self":[{"href":"https:\/\/www.tammerbrands.fi\/en\/wp-json\/wp\/v2\/pages\/5427","targetHints":{"allow":["GET"]}}],"collection":[{"href":"https:\/\/www.tammerbrands.fi\/en\/wp-json\/wp\/v2\/pages"}],"about":[{"href":"https:\/\/www.tammerbrands.fi\/en\/wp-json\/wp\/v2\/types\/page"}],"author":[{"embeddable":true,"href":"https:\/\/www.tammerbrands.fi\/en\/wp-json\/wp\/v2\/users\/3"}],"replies":[{"embeddable":true,"href":"https:\/\/www.tammerbrands.fi\/en\/wp-json\/wp\/v2\/comments?post=5427"}],"version-history":[{"count":2,"href":"https:\/\/www.tammerbrands.fi\/en\/wp-json\/wp\/v2\/pages\/5427\/revisions"}],"predecessor-version":[{"id":5429,"href":"https:\/\/www.tammerbrands.fi\/en\/wp-json\/wp\/v2\/pages\/5427\/revisions\/5429"}],"up":[{"embeddable":true,"href":"https:\/\/www.tammerbrands.fi\/en\/wp-json\/wp\/v2\/pages\/2250"}],"wp:attachment":[{"href":"https:\/\/www.tammerbrands.fi\/en\/wp-json\/wp\/v2\/media?parent=5427"}],"curies":[{"name":"wp","href":"https:\/\/api.w.org\/{rel}","templated":true}]}}