{"id":5430,"date":"2022-05-17T11:20:46","date_gmt":"2022-05-17T08:20:46","guid":{"rendered":"https:\/\/www.tammerbrands.fi\/?page_id=5430"},"modified":"2022-05-17T11:20:46","modified_gmt":"2022-05-17T08:20:46","slug":"musu-majaslapa-izmantotas-sikdatnes","status":"publish","type":"page","link":"https:\/\/www.tammerbrands.fi\/en\/data-protection\/musu-majaslapa-izmantotas-sikdatnes\/","title":{"rendered":"M\u016bsu m\u0101jaslap\u0101 izmantot\u0101s s\u012bkdatnes"},"content":{"rendered":"<div class=\"fusion-fullwidth fullwidth-box fusion-builder-row-1 fusion-flex-container nonhundred-percent-fullwidth non-hundred-percent-height-scrolling\" style=\"--awb-border-radius-top-left:0px;--awb-border-radius-top-right:0px;--awb-border-radius-bottom-right:0px;--awb-border-radius-bottom-left:0px;--awb-flex-wrap:wrap;\" ><div class=\"fusion-builder-row fusion-row fusion-flex-align-items-flex-start fusion-flex-content-wrap\" style=\"max-width:1144px;margin-left: calc(-4% \/ 2 );margin-right: calc(-4% \/ 2 );\"><div class=\"fusion-layout-column fusion_builder_column fusion-builder-column-0 fusion_builder_column_1_1 1_1 fusion-flex-column\" style=\"--awb-bg-size:cover;--awb-width-large:100%;--awb-margin-top-large:0px;--awb-spacing-right-large:1.92%;--awb-margin-bottom-large:20px;--awb-spacing-left-large:1.92%;--awb-width-medium:100%;--awb-order-medium:0;--awb-spacing-right-medium:1.92%;--awb-spacing-left-medium:1.92%;--awb-width-small:100%;--awb-order-small:0;--awb-spacing-right-small:1.92%;--awb-spacing-left-small:1.92%;\"><div class=\"fusion-column-wrapper fusion-column-has-shadow fusion-flex-justify-content-flex-start fusion-content-layout-column\"><div class=\"fusion-text fusion-text-1\"><h1><strong>M\u016bsu m\u0101jaslap\u0101 izmantot\u0101s s\u012bkdatnes<\/strong><\/h1>\n<p><em>Tammer Brands<\/em> sav\u0101 m\u0101jaslap\u0101 izmanto s\u012bkdatnes, lai att\u012bst\u012btu darb\u012bbu un uzlabotu pakalpojumu kvalit\u0101ti. \u0160aj\u0101 lap\u0101 ir sniegta papildinform\u0101cija par s\u012bkdatn\u0113m, kas tiek izmantotas <em>Tammer Brands<\/em> un t\u0101 p\u0101rst\u0101v\u0113to pakalpojumu un z\u012bmolu t\u012bmek\u013ca vietn\u0113s.<\/p>\n<p>Ja ir v\u0113l\u0113\u0161an\u0101s, var izmantot \u0161\u012bs m\u0101jaslapas ar\u012b bez s\u012bkdatn\u0113m, izv\u0113loties attiec\u012bgo opciju pie s\u012bkdat\u0146u izv\u0113les. Var izmantot ar\u012b programmat\u016bru, kas blo\u0137\u0113 s\u012bkdatnes. Tas var samazin\u0101t eso\u0161o datu precizit\u0101ti.<\/p>\n<p><strong>Kontaktinform\u0101cija<\/strong><br \/>\nTammer Brands Oy<br \/>\nViinikankatu 36<br \/>\n33800 Tampere<\/p>\n<p>T\u0101lr.: 03 2521 111<br \/>\nE-pasts: <a href=\"&#x6d;&#97;i&#x6c;&#116;o&#x3a;&#99;i&#x73;&#x6f;&#64;&#x74;&#x61;&#109;m&#x65;&#114;b&#x72;&#97;n&#x64;&#x73;&#46;&#x66;&#x69;\">c&#105;&#x73;&#x6f;&#64;&#116;&#97;&#x6d;&#x6d;e&#114;&#x62;&#x72;a&#110;&#100;&#x73;&#x2e;f&#105;<\/a><\/p>\n<p><strong>Galven\u0101s kontaktpersonas<\/strong><br \/>\nDatu dro\u0161\u012bba un aizsardz\u012bba: datu dro\u0161\u012bbas vad\u012bt\u0101js <em>Kyuu Eturautti<\/em><br \/>\nInterneta veikals un citi elektronikas pakalpojumi: <em>Hanna Kolulahti<\/em><\/p>\n<p><strong>St\u0101\u0161an\u0101s sp\u0113k\u0101<\/strong><br \/>\nDatu aizsardz\u012bbas noteikumi st\u0101j\u0101s sp\u0113k\u0101 23.02.2021. un ir beztermi\u0146a.<\/p>\n<p><strong>Lieto\u0161anas m\u0113r\u0137is<\/strong><br \/>\nS\u012bkdat\u0146u izmanto\u0161anas m\u0113r\u0137is ir ieg\u016bt vair\u0101k inform\u0101cijas par apmekl\u0113t\u0101ju paradumiem, iev\u0101kt statistiku, att\u012bst\u012bt pakalpojumu, veikt kvalit\u0101tes kontroli, k\u0101 ar\u012b m\u0113r\u0137tiec\u012bgo m\u0101rketingu. Ieg\u016btos datus izmantojam tikai sav\u0101 darb\u012bb\u0101.<\/p>\n<p><strong>Izmantotie pakalpojumu sniedz\u0113ji<\/strong><br \/>\nVietn\u0113 var tikt izmantotas \u0161\u0101das ar m\u0101rketingu saist\u012btas s\u012bkdatnes. Ne vis\u0101s lap\u0101s tiek izmantotas visas s\u012bkdatnes.<\/p>\n<ol>\n<li>Google Analytics. Ar Google Analytics s\u012bkdat\u0146u pal\u012bdz\u012bbu varam izsekot lap\u0101 veiktaj\u0101m darb\u012bb\u0101m un apmekl\u0113jumiem, lai lab\u0101k piel\u0101gotu lapas saturu apmekl\u0113t\u0101ju v\u0113lm\u0113m.<br \/>\n<a href=\"https:\/\/policies.google.com\/privacy?hl=fi\">https:\/\/policies.google.com\/privacy?hl=fi<\/a><\/li>\n<li>Google Ads. Ar Google Ads s\u012bkdat\u0146u pal\u012bdz\u012bbu veicam m\u0101rketingu un nov\u0113rt\u0113jam kampa\u0146u efektivit\u0101ti.<br \/>\n<a href=\"https:\/\/policies.google.com\/privacy?hl=fi\">https:\/\/policies.google.com\/privacy?hl=fi<\/a><\/li>\n<li>Agency Analytics. Agency Analytics s\u012bkdatnes izmantojam kampa\u0146u p\u0101rskatiem.<br \/>\n<a href=\"https:\/\/agencyanalytics.com\/company\/terms\">https:\/\/agencyanalytics.com\/company\/terms<\/a><\/li>\n<li>Adform. Adform s\u012bkdatnes izmantojam, lai veiktu m\u0113r\u0137tiec\u012bgo m\u0101rketingu un izm\u0113r\u012btu rekl\u0101mu efektivit\u0101ti.<br \/>\n<a href=\"https:\/\/site.adform.com\/privacy-center\/platform-privacy\/opt-out\/\">https:\/\/site.adform.com\/privacy-center\/platform-privacy\/opt-out\/<\/a><\/li>\n<li>Facebook Pixel. Facebook Pixel izmantojam, lai pied\u0101v\u0101tu m\u0113r\u0137tiec\u012bgo m\u0101rketingu un izm\u0113r\u012btu soci\u0101lajos pla\u0161sazi\u0146as l\u012bdzek\u013cos veikto kampa\u0146u efektivit\u0101ti.<br \/>\n<a href=\"https:\/\/www.facebook.com\/about\/privacy\/update\">https:\/\/www.facebook.com\/about\/privacy\/update<\/a><\/li>\n<li>LinkedIn. LinkedIn seko\u0161anu izmantojam, lai pied\u0101v\u0101tu m\u0113r\u0137tiec\u012bgo m\u0101rketingu un izm\u0113r\u012btu soci\u0101lajos pla\u0161sazi\u0146as l\u012bdzek\u013cos veikto kampa\u0146u efektivit\u0101tes ietekmi uz Linkedin platformu.<br \/>\n<a href=\"https:\/\/www.linkedin.com\/legal\/privacy-policy\">https:\/\/www.linkedin.com\/legal\/privacy-policy<\/a><\/li>\n<\/ol>\n<\/div><\/div><\/div><\/div><\/div>\n","protected":false},"excerpt":{"rendered":"","protected":false},"author":3,"featured_media":0,"parent":2250,"menu_order":0,"comment_status":"closed","ping_status":"closed","template":"","meta":{"footnotes":""},"class_list":["post-5430","page","type-page","status-publish","hentry"],"yoast_head":"<!-- This site is optimized with the Yoast SEO plugin v27.4 - https:\/\/yoast.com\/product\/yoast-seo-wordpress\/ -->\n<title>M\u016bsu m\u0101jaslap\u0101 izmantot\u0101s s\u012bkdatnes - Tammer Brands<\/title>\n<meta name=\"robots\" content=\"index, follow, max-snippet:-1, max-image-preview:large, max-video-preview:-1\" \/>\n<link rel=\"canonical\" href=\"https:\/\/www.tammerbrands.fi\/en\/data-protection\/musu-majaslapa-izmantotas-sikdatnes\/\" \/>\n<meta property=\"og:locale\" content=\"en_US\" \/>\n<meta property=\"og:type\" content=\"article\" \/>\n<meta property=\"og:title\" content=\"M\u016bsu m\u0101jaslap\u0101 izmantot\u0101s s\u012bkdatnes - Tammer Brands\" \/>\n<meta property=\"og:url\" content=\"https:\/\/www.tammerbrands.fi\/en\/data-protection\/musu-majaslapa-izmantotas-sikdatnes\/\" \/>\n<meta property=\"og:site_name\" content=\"Tammer Brands\" \/>\n<meta name=\"twitter:card\" content=\"summary_large_image\" \/>\n<meta name=\"twitter:label1\" content=\"Est. reading time\" \/>\n\t<meta name=\"twitter:data1\" content=\"5 minutes\" \/>\n<script type=\"application\/ld+json\" class=\"yoast-schema-graph\">{\"@context\":\"https:\\\/\\\/schema.org\",\"@graph\":[{\"@type\":\"WebPage\",\"@id\":\"https:\\\/\\\/www.tammerbrands.fi\\\/en\\\/data-protection\\\/musu-majaslapa-izmantotas-sikdatnes\\\/\",\"url\":\"https:\\\/\\\/www.tammerbrands.fi\\\/en\\\/data-protection\\\/musu-majaslapa-izmantotas-sikdatnes\\\/\",\"name\":\"M\u016bsu m\u0101jaslap\u0101 izmantot\u0101s s\u012bkdatnes - Tammer Brands\",\"isPartOf\":{\"@id\":\"https:\\\/\\\/www.tammerbrands.fi\\\/#website\"},\"datePublished\":\"2022-05-17T08:20:46+00:00\",\"breadcrumb\":{\"@id\":\"https:\\\/\\\/www.tammerbrands.fi\\\/en\\\/data-protection\\\/musu-majaslapa-izmantotas-sikdatnes\\\/#breadcrumb\"},\"inLanguage\":\"en-US\",\"potentialAction\":[{\"@type\":\"ReadAction\",\"target\":[\"https:\\\/\\\/www.tammerbrands.fi\\\/en\\\/data-protection\\\/musu-majaslapa-izmantotas-sikdatnes\\\/\"]}]},{\"@type\":\"BreadcrumbList\",\"@id\":\"https:\\\/\\\/www.tammerbrands.fi\\\/en\\\/data-protection\\\/musu-majaslapa-izmantotas-sikdatnes\\\/#breadcrumb\",\"itemListElement\":[{\"@type\":\"ListItem\",\"position\":1,\"name\":\"Home\",\"item\":\"https:\\\/\\\/www.tammerbrands.fi\\\/en\\\/\"},{\"@type\":\"ListItem\",\"position\":2,\"name\":\"Data protection\",\"item\":\"https:\\\/\\\/www.tammerbrands.fi\\\/en\\\/data-protection\\\/\"},{\"@type\":\"ListItem\",\"position\":3,\"name\":\"M\u016bsu m\u0101jaslap\u0101 izmantot\u0101s s\u012bkdatnes\"}]},{\"@type\":\"WebSite\",\"@id\":\"https:\\\/\\\/www.tammerbrands.fi\\\/#website\",\"url\":\"https:\\\/\\\/www.tammerbrands.fi\\\/\",\"name\":\"Tammer Brands\",\"description\":\"Mukana arjessa ja juhlassa\",\"potentialAction\":[{\"@type\":\"SearchAction\",\"target\":{\"@type\":\"EntryPoint\",\"urlTemplate\":\"https:\\\/\\\/www.tammerbrands.fi\\\/?s={search_term_string}\"},\"query-input\":{\"@type\":\"PropertyValueSpecification\",\"valueRequired\":true,\"valueName\":\"search_term_string\"}}],\"inLanguage\":\"en-US\"}]}<\/script>\n<!-- \/ Yoast SEO plugin. -->","yoast_head_json":{"title":"M\u016bsu m\u0101jaslap\u0101 izmantot\u0101s s\u012bkdatnes - Tammer Brands","robots":{"index":"index","follow":"follow","max-snippet":"max-snippet:-1","max-image-preview":"max-image-preview:large","max-video-preview":"max-video-preview:-1"},"canonical":"https:\/\/www.tammerbrands.fi\/en\/data-protection\/musu-majaslapa-izmantotas-sikdatnes\/","og_locale":"en_US","og_type":"article","og_title":"M\u016bsu m\u0101jaslap\u0101 izmantot\u0101s s\u012bkdatnes - Tammer Brands","og_url":"https:\/\/www.tammerbrands.fi\/en\/data-protection\/musu-majaslapa-izmantotas-sikdatnes\/","og_site_name":"Tammer Brands","twitter_card":"summary_large_image","twitter_misc":{"Est. reading time":"5 minutes"},"schema":{"@context":"https:\/\/schema.org","@graph":[{"@type":"WebPage","@id":"https:\/\/www.tammerbrands.fi\/en\/data-protection\/musu-majaslapa-izmantotas-sikdatnes\/","url":"https:\/\/www.tammerbrands.fi\/en\/data-protection\/musu-majaslapa-izmantotas-sikdatnes\/","name":"M\u016bsu m\u0101jaslap\u0101 izmantot\u0101s s\u012bkdatnes - Tammer Brands","isPartOf":{"@id":"https:\/\/www.tammerbrands.fi\/#website"},"datePublished":"2022-05-17T08:20:46+00:00","breadcrumb":{"@id":"https:\/\/www.tammerbrands.fi\/en\/data-protection\/musu-majaslapa-izmantotas-sikdatnes\/#breadcrumb"},"inLanguage":"en-US","potentialAction":[{"@type":"ReadAction","target":["https:\/\/www.tammerbrands.fi\/en\/data-protection\/musu-majaslapa-izmantotas-sikdatnes\/"]}]},{"@type":"BreadcrumbList","@id":"https:\/\/www.tammerbrands.fi\/en\/data-protection\/musu-majaslapa-izmantotas-sikdatnes\/#breadcrumb","itemListElement":[{"@type":"ListItem","position":1,"name":"Home","item":"https:\/\/www.tammerbrands.fi\/en\/"},{"@type":"ListItem","position":2,"name":"Data protection","item":"https:\/\/www.tammerbrands.fi\/en\/data-protection\/"},{"@type":"ListItem","position":3,"name":"M\u016bsu m\u0101jaslap\u0101 izmantot\u0101s s\u012bkdatnes"}]},{"@type":"WebSite","@id":"https:\/\/www.tammerbrands.fi\/#website","url":"https:\/\/www.tammerbrands.fi\/","name":"Tammer Brands","description":"Mukana arjessa ja juhlassa","potentialAction":[{"@type":"SearchAction","target":{"@type":"EntryPoint","urlTemplate":"https:\/\/www.tammerbrands.fi\/?s={search_term_string}"},"query-input":{"@type":"PropertyValueSpecification","valueRequired":true,"valueName":"search_term_string"}}],"inLanguage":"en-US"}]}},"_links":{"self":[{"href":"https:\/\/www.tammerbrands.fi\/en\/wp-json\/wp\/v2\/pages\/5430","targetHints":{"allow":["GET"]}}],"collection":[{"href":"https:\/\/www.tammerbrands.fi\/en\/wp-json\/wp\/v2\/pages"}],"about":[{"href":"https:\/\/www.tammerbrands.fi\/en\/wp-json\/wp\/v2\/types\/page"}],"author":[{"embeddable":true,"href":"https:\/\/www.tammerbrands.fi\/en\/wp-json\/wp\/v2\/users\/3"}],"replies":[{"embeddable":true,"href":"https:\/\/www.tammerbrands.fi\/en\/wp-json\/wp\/v2\/comments?post=5430"}],"version-history":[{"count":1,"href":"https:\/\/www.tammerbrands.fi\/en\/wp-json\/wp\/v2\/pages\/5430\/revisions"}],"predecessor-version":[{"id":5431,"href":"https:\/\/www.tammerbrands.fi\/en\/wp-json\/wp\/v2\/pages\/5430\/revisions\/5431"}],"up":[{"embeddable":true,"href":"https:\/\/www.tammerbrands.fi\/en\/wp-json\/wp\/v2\/pages\/2250"}],"wp:attachment":[{"href":"https:\/\/www.tammerbrands.fi\/en\/wp-json\/wp\/v2\/media?parent=5430"}],"curies":[{"name":"wp","href":"https:\/\/api.w.org\/{rel}","templated":true}]}}