{"id":5432,"date":"2022-05-17T11:21:46","date_gmt":"2022-05-17T08:21:46","guid":{"rendered":"https:\/\/www.tammerbrands.fi\/?page_id=5432"},"modified":"2022-05-17T11:30:36","modified_gmt":"2022-05-17T08:30:36","slug":"slapukai-musu-svetaineje","status":"publish","type":"page","link":"https:\/\/www.tammerbrands.fi\/en\/data-protection\/slapukai-musu-svetaineje\/","title":{"rendered":"Slapukai m\u016bs\u0173 svetain\u0117je"},"content":{"rendered":"<div class=\"fusion-fullwidth fullwidth-box fusion-builder-row-1 fusion-flex-container nonhundred-percent-fullwidth non-hundred-percent-height-scrolling\" style=\"--awb-border-radius-top-left:0px;--awb-border-radius-top-right:0px;--awb-border-radius-bottom-right:0px;--awb-border-radius-bottom-left:0px;--awb-flex-wrap:wrap;\" ><div class=\"fusion-builder-row fusion-row fusion-flex-align-items-flex-start fusion-flex-content-wrap\" style=\"max-width:1144px;margin-left: calc(-4% \/ 2 );margin-right: calc(-4% \/ 2 );\"><div class=\"fusion-layout-column fusion_builder_column fusion-builder-column-0 fusion_builder_column_1_1 1_1 fusion-flex-column\" style=\"--awb-bg-size:cover;--awb-width-large:100%;--awb-margin-top-large:0px;--awb-spacing-right-large:1.92%;--awb-margin-bottom-large:20px;--awb-spacing-left-large:1.92%;--awb-width-medium:100%;--awb-order-medium:0;--awb-spacing-right-medium:1.92%;--awb-spacing-left-medium:1.92%;--awb-width-small:100%;--awb-order-small:0;--awb-spacing-right-small:1.92%;--awb-spacing-left-small:1.92%;\"><div class=\"fusion-column-wrapper fusion-column-has-shadow fusion-flex-justify-content-flex-start fusion-content-layout-column\"><div class=\"fusion-text fusion-text-1\"><h1><strong>Slapukai m\u016bs\u0173 svetain\u0117je<\/strong><\/h1>\n<p>\u201eTammer Brands\u201c savo svetain\u0117je naudoja slapukus, kad tobulint\u0173 veikl\u0105 ir pagerint\u0173 paslaugas. \u0160iame puslapyje pateikiama daugiau informacijos apie slapukus, kurie naudojami \u201eTammer Brands\u201c ir jo atstovaujam\u0173 paslaug\u0173 bei preki\u0173 \u017eenkl\u0173 svetain\u0117se.<\/p>\n<p>M\u016bs\u0173 svetaine galite naudotis ir be slapuk\u0173, atsakydami \u012f klausim\u0105 d\u0117l slapuk\u0173 \u0161ia parinktimi. Taip pat galite naudoti slapukus blokuojan\u010di\u0105 program\u0105. Tai gali suma\u017einti teikiamos informacijos tikslum\u0105.<\/p>\n<p><strong>Ry\u0161io duomenys<\/strong><br \/>\nTammer Brands Oy<br \/>\nViinikankatu 36<br \/>\n33800 Tamper\u0117<\/p>\n<p>tel. 03 2521 111<br \/>\nel. pa\u0161tas <u>&#99;&#x69;&#x73;o&#64;&#x74;a&#109;&#x6d;e&#114;&#x62;r&#97;&#x6e;&#x64;&#115;&#x2e;&#x66;i<\/u><\/p>\n<p><strong>Svarbiausi kontaktiniai asmenys<\/strong><br \/>\nInformacijos saugumo ir duomen\u0173 apsaugos klausimai: informacijos saugumo vadovas Kyuu Eturautti<br \/>\nElektronin\u0117 prekyba ir kitos elektronin\u0117s paslaugos: Hanna Kolulahti<\/p>\n<p><strong>Galiojimas<\/strong><br \/>\n\u0160is privatumo parei\u0161kimas \u012fsigalioja 2021 m. vasario 23 d. ir galioja neterminuotai.<\/p>\n<p><strong>Paskirtis<\/strong><br \/>\nSlapuk\u0173 tikslas \u2013 teikti mums geresn\u0119 informacij\u0105 apie svetain\u0117s lankytojus statistikos, produkt\u0173 k\u016brimo, kokyb\u0117s kontrol\u0117s ir rinkodaros tikslais. \u0160i\u0105 informacij\u0105 naudojame tik savo veikloje.<\/p>\n<p><strong>Naudojami paslaug\u0173 teik\u0117jai<\/strong><br \/>\nM\u016bs\u0173 svetain\u0117se gali b\u016bti naudojami \u0161ie rinkodaros slapukai. Kiekvienoje svetain\u0117je gali b\u016bti naudojami ne visi slapukai.<\/p>\n<ol>\n<li>Google Analytics: Su \u201eGoogle Analytics\u201c slapukais stebime savo svetain\u0117s na\u0161um\u0105 ir apsilankymus, kad gal\u0117tume pritaikyti savo svetain\u0117s turin\u012f taip, kad jis atitikt\u0173 m\u016bs\u0173 lankytoj\u0173 l\u016bkes\u010dius.<br \/>\n<a href=\"https:\/\/policies.google.com\/privacy?hl=fi\" target=\"_blank\" rel=\"noopener\"><u>https:\/\/policies.google.com\/privacy?hl=fi<\/u><\/a><\/li>\n<li>Google Ads: Naudodami \u201eGoogle Ads\u201c slapukus si\u016blome tikslin\u0119 rinkodar\u0105 ir matuojame savo kampanij\u0173 efektyvum\u0105.<br \/>\n<a href=\"https:\/\/policies.google.com\/privacy?hl=fi\" target=\"_blank\" rel=\"noopener\"><u>https:\/\/policies.google.com\/privacy?hl=fi<\/u><\/a><\/li>\n<li>Agency Analytics: Ataskaitoms apie kampanijas rengti naudojame \u201eAgency Analytics\u201c slapukus.<br \/>\n<a href=\"https:\/\/agencyanalytics.com\/company\/terms\" target=\"_blank\" rel=\"noopener\"><u>https:\/\/agencyanalytics.com\/company\/terms<\/u><\/a><\/li>\n<li>Adform: \u201eAdform\u201c slapukai mums leid\u017eia pasi\u016blyti tikslin\u0119 rinkodar\u0105 ir \u012fvertinti reklamos efektyvum\u0105.<br \/>\n<a href=\"https:\/\/site.adform.com\/privacy-center\/platform-privacy\/opt-out\/\" target=\"_blank\" rel=\"noopener\"><u>https:\/\/site.adform.com\/privacy-center\/platform-privacy\/opt-out\/<\/u><\/a><\/li>\n<li>Facebook Pixel: Su \u201eFacebook Pixel Tracking\u201c galime pasi\u016blyti tikslin\u0119 rinkodar\u0105 ir \u012fvertinti socialiniuose tinkluose vykdom\u0173 kampanij\u0173 efektyvum\u0105.<br \/>\n<a href=\"https:\/\/www.facebook.com\/about\/privacy\/update\" target=\"_blank\" rel=\"noopener\"><u>https:\/\/www.facebook.com\/about\/privacy\/update<\/u><\/a><\/li>\n<li>LinkedIn Taikydami \u201eLinkedIn\u201c steb\u0117jim\u0105, galime pasi\u016blyti tikslin\u0119 rinkodar\u0105 ir \u012fvertinti socialiniuose tinkluose vykdom\u0173 kampanij\u0173 efektyvum\u0105 \u201eLinkedIn\u201c platformai.<br \/>\n<a href=\"https:\/\/www.linkedin.com\/legal\/privacy-policy\" target=\"_blank\" rel=\"noopener\"><u>https:\/\/www.linkedin.com\/legal\/privacy-policy<\/u><\/a><\/li>\n<\/ol>\n<\/div><\/div><\/div><\/div><\/div>\n","protected":false},"excerpt":{"rendered":"","protected":false},"author":3,"featured_media":0,"parent":2250,"menu_order":0,"comment_status":"closed","ping_status":"closed","template":"","meta":{"footnotes":""},"class_list":["post-5432","page","type-page","status-publish","hentry"],"yoast_head":"<!-- This site is optimized with the Yoast SEO plugin v27.4 - https:\/\/yoast.com\/product\/yoast-seo-wordpress\/ -->\n<title>Slapukai m\u016bs\u0173 svetain\u0117je - Tammer Brands<\/title>\n<meta name=\"robots\" content=\"index, follow, max-snippet:-1, max-image-preview:large, max-video-preview:-1\" \/>\n<link rel=\"canonical\" href=\"https:\/\/www.tammerbrands.fi\/en\/data-protection\/slapukai-musu-svetaineje\/\" \/>\n<meta property=\"og:locale\" content=\"en_US\" \/>\n<meta property=\"og:type\" content=\"article\" \/>\n<meta property=\"og:title\" content=\"Slapukai m\u016bs\u0173 svetain\u0117je - Tammer Brands\" \/>\n<meta property=\"og:url\" content=\"https:\/\/www.tammerbrands.fi\/en\/data-protection\/slapukai-musu-svetaineje\/\" \/>\n<meta property=\"og:site_name\" content=\"Tammer Brands\" \/>\n<meta property=\"article:modified_time\" content=\"2022-05-17T08:30:36+00:00\" \/>\n<meta name=\"twitter:card\" content=\"summary_large_image\" \/>\n<meta name=\"twitter:label1\" content=\"Est. reading time\" \/>\n\t<meta name=\"twitter:data1\" content=\"5 minutes\" \/>\n<script type=\"application\/ld+json\" class=\"yoast-schema-graph\">{\"@context\":\"https:\\\/\\\/schema.org\",\"@graph\":[{\"@type\":\"WebPage\",\"@id\":\"https:\\\/\\\/www.tammerbrands.fi\\\/en\\\/data-protection\\\/slapukai-musu-svetaineje\\\/\",\"url\":\"https:\\\/\\\/www.tammerbrands.fi\\\/en\\\/data-protection\\\/slapukai-musu-svetaineje\\\/\",\"name\":\"Slapukai m\u016bs\u0173 svetain\u0117je - Tammer Brands\",\"isPartOf\":{\"@id\":\"https:\\\/\\\/www.tammerbrands.fi\\\/#website\"},\"datePublished\":\"2022-05-17T08:21:46+00:00\",\"dateModified\":\"2022-05-17T08:30:36+00:00\",\"breadcrumb\":{\"@id\":\"https:\\\/\\\/www.tammerbrands.fi\\\/en\\\/data-protection\\\/slapukai-musu-svetaineje\\\/#breadcrumb\"},\"inLanguage\":\"en-US\",\"potentialAction\":[{\"@type\":\"ReadAction\",\"target\":[\"https:\\\/\\\/www.tammerbrands.fi\\\/en\\\/data-protection\\\/slapukai-musu-svetaineje\\\/\"]}]},{\"@type\":\"BreadcrumbList\",\"@id\":\"https:\\\/\\\/www.tammerbrands.fi\\\/en\\\/data-protection\\\/slapukai-musu-svetaineje\\\/#breadcrumb\",\"itemListElement\":[{\"@type\":\"ListItem\",\"position\":1,\"name\":\"Home\",\"item\":\"https:\\\/\\\/www.tammerbrands.fi\\\/en\\\/\"},{\"@type\":\"ListItem\",\"position\":2,\"name\":\"Data protection\",\"item\":\"https:\\\/\\\/www.tammerbrands.fi\\\/en\\\/data-protection\\\/\"},{\"@type\":\"ListItem\",\"position\":3,\"name\":\"Slapukai m\u016bs\u0173 svetain\u0117je\"}]},{\"@type\":\"WebSite\",\"@id\":\"https:\\\/\\\/www.tammerbrands.fi\\\/#website\",\"url\":\"https:\\\/\\\/www.tammerbrands.fi\\\/\",\"name\":\"Tammer Brands\",\"description\":\"Mukana arjessa ja juhlassa\",\"potentialAction\":[{\"@type\":\"SearchAction\",\"target\":{\"@type\":\"EntryPoint\",\"urlTemplate\":\"https:\\\/\\\/www.tammerbrands.fi\\\/?s={search_term_string}\"},\"query-input\":{\"@type\":\"PropertyValueSpecification\",\"valueRequired\":true,\"valueName\":\"search_term_string\"}}],\"inLanguage\":\"en-US\"}]}<\/script>\n<!-- \/ Yoast SEO plugin. -->","yoast_head_json":{"title":"Slapukai m\u016bs\u0173 svetain\u0117je - Tammer Brands","robots":{"index":"index","follow":"follow","max-snippet":"max-snippet:-1","max-image-preview":"max-image-preview:large","max-video-preview":"max-video-preview:-1"},"canonical":"https:\/\/www.tammerbrands.fi\/en\/data-protection\/slapukai-musu-svetaineje\/","og_locale":"en_US","og_type":"article","og_title":"Slapukai m\u016bs\u0173 svetain\u0117je - Tammer Brands","og_url":"https:\/\/www.tammerbrands.fi\/en\/data-protection\/slapukai-musu-svetaineje\/","og_site_name":"Tammer Brands","article_modified_time":"2022-05-17T08:30:36+00:00","twitter_card":"summary_large_image","twitter_misc":{"Est. reading time":"5 minutes"},"schema":{"@context":"https:\/\/schema.org","@graph":[{"@type":"WebPage","@id":"https:\/\/www.tammerbrands.fi\/en\/data-protection\/slapukai-musu-svetaineje\/","url":"https:\/\/www.tammerbrands.fi\/en\/data-protection\/slapukai-musu-svetaineje\/","name":"Slapukai m\u016bs\u0173 svetain\u0117je - Tammer Brands","isPartOf":{"@id":"https:\/\/www.tammerbrands.fi\/#website"},"datePublished":"2022-05-17T08:21:46+00:00","dateModified":"2022-05-17T08:30:36+00:00","breadcrumb":{"@id":"https:\/\/www.tammerbrands.fi\/en\/data-protection\/slapukai-musu-svetaineje\/#breadcrumb"},"inLanguage":"en-US","potentialAction":[{"@type":"ReadAction","target":["https:\/\/www.tammerbrands.fi\/en\/data-protection\/slapukai-musu-svetaineje\/"]}]},{"@type":"BreadcrumbList","@id":"https:\/\/www.tammerbrands.fi\/en\/data-protection\/slapukai-musu-svetaineje\/#breadcrumb","itemListElement":[{"@type":"ListItem","position":1,"name":"Home","item":"https:\/\/www.tammerbrands.fi\/en\/"},{"@type":"ListItem","position":2,"name":"Data protection","item":"https:\/\/www.tammerbrands.fi\/en\/data-protection\/"},{"@type":"ListItem","position":3,"name":"Slapukai m\u016bs\u0173 svetain\u0117je"}]},{"@type":"WebSite","@id":"https:\/\/www.tammerbrands.fi\/#website","url":"https:\/\/www.tammerbrands.fi\/","name":"Tammer Brands","description":"Mukana arjessa ja juhlassa","potentialAction":[{"@type":"SearchAction","target":{"@type":"EntryPoint","urlTemplate":"https:\/\/www.tammerbrands.fi\/?s={search_term_string}"},"query-input":{"@type":"PropertyValueSpecification","valueRequired":true,"valueName":"search_term_string"}}],"inLanguage":"en-US"}]}},"_links":{"self":[{"href":"https:\/\/www.tammerbrands.fi\/en\/wp-json\/wp\/v2\/pages\/5432","targetHints":{"allow":["GET"]}}],"collection":[{"href":"https:\/\/www.tammerbrands.fi\/en\/wp-json\/wp\/v2\/pages"}],"about":[{"href":"https:\/\/www.tammerbrands.fi\/en\/wp-json\/wp\/v2\/types\/page"}],"author":[{"embeddable":true,"href":"https:\/\/www.tammerbrands.fi\/en\/wp-json\/wp\/v2\/users\/3"}],"replies":[{"embeddable":true,"href":"https:\/\/www.tammerbrands.fi\/en\/wp-json\/wp\/v2\/comments?post=5432"}],"version-history":[{"count":2,"href":"https:\/\/www.tammerbrands.fi\/en\/wp-json\/wp\/v2\/pages\/5432\/revisions"}],"predecessor-version":[{"id":5435,"href":"https:\/\/www.tammerbrands.fi\/en\/wp-json\/wp\/v2\/pages\/5432\/revisions\/5435"}],"up":[{"embeddable":true,"href":"https:\/\/www.tammerbrands.fi\/en\/wp-json\/wp\/v2\/pages\/2250"}],"wp:attachment":[{"href":"https:\/\/www.tammerbrands.fi\/en\/wp-json\/wp\/v2\/media?parent=5432"}],"curies":[{"name":"wp","href":"https:\/\/api.w.org\/{rel}","templated":true}]}}