{"id":5753,"date":"2022-08-01T16:39:27","date_gmt":"2022-08-01T13:39:27","guid":{"rendered":"https:\/\/www.tammerbrands.fi\/?page_id=5753"},"modified":"2022-08-05T08:21:47","modified_gmt":"2022-08-05T05:21:47","slug":"fairticket-habitare-2022","status":"publish","type":"page","link":"https:\/\/www.tammerbrands.fi\/en\/fairticket-habitare-2022\/","title":{"rendered":"Welcome to our stand 6 e 1 in Habitare 7\u201311 Sep 2022"},"content":{"rendered":"<div class=\"QmZWSe\">\n<h3 class=\"DHcWmd\"><span class=\"Y2IQFc\" lang=\"en\">Welcome to our Fanni K stand 6 e 1 in Habitare<br \/>\n<\/span><\/h3>\n<\/div>\n<div class=\"oSioSc\">\n<div id=\"tw-target\">\n<div id=\"kAz1tf\" class=\"g9WsWb\">\n<div id=\"tw-target-text-container\" class=\"tw-ta-container F0azHf tw-nfl\" tabindex=\"0\">\n<p class=\"tw-data-text tw-text-large tw-ta\" dir=\"ltr\" data-placeholder=\"K\u00e4\u00e4nn\u00f6s\"><span class=\"Y2IQFc\" lang=\"en\">You are welcome to join the story at our Fanni K stand <strong>6 e 1<\/strong> at Finland&#8217;s largest interior design event Habitare 7-11 September 2022. At the fair, you&#8217;ll catch the interior design trends and novelties of the autumn, as well as our compelling fair offers. <\/span><\/p>\n<p class=\"tw-data-text tw-text-large tw-ta\" dir=\"ltr\" data-placeholder=\"K\u00e4\u00e4nn\u00f6s\"><strong><span class=\"Y2IQFc\" lang=\"en\">Fill out this form by 1.9. and you will receive a fair ticket to your email.<\/span><\/strong><\/p>\n<p class=\"tw-data-text tw-text-large tw-ta\" dir=\"ltr\" data-placeholder=\"K\u00e4\u00e4nn\u00f6s\"><span class=\"Y2IQFc\" lang=\"en\"><p class=\"wpcf7-contact-form-not-found\"><strong>Error:<\/strong> Contact form not found.<\/p> <\/span><\/p>\n<p class=\"tw-data-text tw-text-large tw-ta\" dir=\"ltr\" data-placeholder=\"K\u00e4\u00e4nn\u00f6s\"><strong><span class=\"Y2IQFc\" lang=\"en\">Habitare is open to the public on Wednesday 12 pm\u20138 pm (9 am\u201312 pm professionals and media), Thursday and Friday 10 am\u20137 pm, Saturday and Sunday 10 am\u20136 pm, at Messukeskus in Helsinki<br \/>\n<\/span><\/strong><\/p>\n<\/div>\n<\/div>\n<\/div>\n<\/div>\n<p>&nbsp;<\/p>\n<p>&nbsp;<\/p>\n<p>&nbsp;<\/p>\n<p>&nbsp;<\/p>\n<section id=\"content\">\n<div id=\"post-3011\" class=\"post-3011 page type-page status-publish hentry\">\n<div class=\"post-content\">\n<div class=\"fusion-fullwidth fullwidth-box fusion-builder-row-1 nonhundred-percent-fullwidth non-hundred-percent-height-scrolling\">\n<div class=\"fusion-builder-row fusion-row\">\n<div class=\"fusion-layout-column fusion_builder_column fusion-builder-column-0 fusion_builder_column_1_1 1_1 fusion-one-full fusion-column-first fusion-column-last\">\n<div class=\"fusion-column-wrapper fusion-flex-column-wrapper-legacy\">\n<div class=\"fusion-text fusion-text-1\">\n<div id=\"wpcf7-f3836-p3011-o1\" class=\"wpcf7\" dir=\"ltr\" lang=\"fi\" role=\"form\">\n<form class=\"wpcf7-form init\" action=\"\/ilmoittaudu\/#wpcf7-f3836-p3011-o1\" method=\"post\" novalidate=\"novalidate\" data-status=\"init\">&nbsp;<\/p>\n<\/form>\n<\/div>\n<\/div>\n<div class=\"fusion-clearfix\"><\/div>\n<\/div>\n<\/div>\n<\/div>\n<\/div>\n<\/div>\n<\/div>\n<\/section>\n","protected":false},"excerpt":{"rendered":"<p>Welcome to our Fanni K stand 6 e 1 in Habitare You are welcome to join the story at our  [&#8230;]<\/p>\n","protected":false},"author":10,"featured_media":5807,"parent":0,"menu_order":0,"comment_status":"closed","ping_status":"closed","template":"","meta":{"footnotes":""},"class_list":["post-5753","page","type-page","status-publish","has-post-thumbnail","hentry"],"yoast_head":"<!-- This site is optimized with the Yoast SEO plugin v27.4 - https:\/\/yoast.com\/product\/yoast-seo-wordpress\/ -->\n<title>Welcome to our stand 6 e 1 in Habitare 7\u201311 Sep 2022 - Tammer Brands<\/title>\n<meta name=\"robots\" content=\"index, follow, max-snippet:-1, max-image-preview:large, max-video-preview:-1\" \/>\n<link rel=\"canonical\" href=\"https:\/\/www.tammerbrands.fi\/en\/fairticket-habitare-2022\/\" \/>\n<meta property=\"og:locale\" content=\"en_US\" \/>\n<meta property=\"og:type\" content=\"article\" \/>\n<meta property=\"og:title\" content=\"Welcome to our stand 6 e 1 in Habitare 7\u201311 Sep 2022 - Tammer Brands\" \/>\n<meta property=\"og:description\" content=\"Welcome to our Fanni K stand 6 e 1 in Habitare You are welcome to join the story at our [...]\" \/>\n<meta property=\"og:url\" content=\"https:\/\/www.tammerbrands.fi\/en\/fairticket-habitare-2022\/\" \/>\n<meta property=\"og:site_name\" content=\"Tammer Brands\" \/>\n<meta property=\"article:modified_time\" content=\"2022-08-05T05:21:47+00:00\" \/>\n<meta property=\"og:image\" content=\"https:\/\/www.tammerbrands.fi\/wp-content\/uploads\/2022\/08\/habitare-artikkelikuvalogo.jpg\" \/>\n\t<meta property=\"og:image:width\" content=\"2000\" \/>\n\t<meta property=\"og:image:height\" content=\"1080\" \/>\n\t<meta property=\"og:image:type\" content=\"image\/jpeg\" \/>\n<meta name=\"twitter:card\" content=\"summary_large_image\" \/>\n<meta name=\"twitter:label1\" content=\"Est. reading time\" \/>\n\t<meta name=\"twitter:data1\" content=\"1 minute\" \/>\n<script type=\"application\/ld+json\" class=\"yoast-schema-graph\">{\"@context\":\"https:\\\/\\\/schema.org\",\"@graph\":[{\"@type\":\"WebPage\",\"@id\":\"https:\\\/\\\/www.tammerbrands.fi\\\/en\\\/fairticket-habitare-2022\\\/\",\"url\":\"https:\\\/\\\/www.tammerbrands.fi\\\/en\\\/fairticket-habitare-2022\\\/\",\"name\":\"Welcome to our stand 6 e 1 in Habitare 7\u201311 Sep 2022 - Tammer Brands\",\"isPartOf\":{\"@id\":\"https:\\\/\\\/www.tammerbrands.fi\\\/#website\"},\"primaryImageOfPage\":{\"@id\":\"https:\\\/\\\/www.tammerbrands.fi\\\/en\\\/fairticket-habitare-2022\\\/#primaryimage\"},\"image\":{\"@id\":\"https:\\\/\\\/www.tammerbrands.fi\\\/en\\\/fairticket-habitare-2022\\\/#primaryimage\"},\"thumbnailUrl\":\"https:\\\/\\\/www.tammerbrands.fi\\\/wp-content\\\/uploads\\\/2022\\\/08\\\/habitare-artikkelikuvalogo.jpg\",\"datePublished\":\"2022-08-01T13:39:27+00:00\",\"dateModified\":\"2022-08-05T05:21:47+00:00\",\"breadcrumb\":{\"@id\":\"https:\\\/\\\/www.tammerbrands.fi\\\/en\\\/fairticket-habitare-2022\\\/#breadcrumb\"},\"inLanguage\":\"en-US\",\"potentialAction\":[{\"@type\":\"ReadAction\",\"target\":[\"https:\\\/\\\/www.tammerbrands.fi\\\/en\\\/fairticket-habitare-2022\\\/\"]}]},{\"@type\":\"ImageObject\",\"inLanguage\":\"en-US\",\"@id\":\"https:\\\/\\\/www.tammerbrands.fi\\\/en\\\/fairticket-habitare-2022\\\/#primaryimage\",\"url\":\"https:\\\/\\\/www.tammerbrands.fi\\\/wp-content\\\/uploads\\\/2022\\\/08\\\/habitare-artikkelikuvalogo.jpg\",\"contentUrl\":\"https:\\\/\\\/www.tammerbrands.fi\\\/wp-content\\\/uploads\\\/2022\\\/08\\\/habitare-artikkelikuvalogo.jpg\",\"width\":2000,\"height\":1080,\"caption\":\"Fanni K -tyynyj\u00e4.\"},{\"@type\":\"BreadcrumbList\",\"@id\":\"https:\\\/\\\/www.tammerbrands.fi\\\/en\\\/fairticket-habitare-2022\\\/#breadcrumb\",\"itemListElement\":[{\"@type\":\"ListItem\",\"position\":1,\"name\":\"Home\",\"item\":\"https:\\\/\\\/www.tammerbrands.fi\\\/en\\\/\"},{\"@type\":\"ListItem\",\"position\":2,\"name\":\"Welcome to our stand 6 e 1 in Habitare 7\u201311 Sep 2022\"}]},{\"@type\":\"WebSite\",\"@id\":\"https:\\\/\\\/www.tammerbrands.fi\\\/#website\",\"url\":\"https:\\\/\\\/www.tammerbrands.fi\\\/\",\"name\":\"Tammer Brands\",\"description\":\"Mukana arjessa ja juhlassa\",\"potentialAction\":[{\"@type\":\"SearchAction\",\"target\":{\"@type\":\"EntryPoint\",\"urlTemplate\":\"https:\\\/\\\/www.tammerbrands.fi\\\/?s={search_term_string}\"},\"query-input\":{\"@type\":\"PropertyValueSpecification\",\"valueRequired\":true,\"valueName\":\"search_term_string\"}}],\"inLanguage\":\"en-US\"}]}<\/script>\n<!-- \/ Yoast SEO plugin. -->","yoast_head_json":{"title":"Welcome to our stand 6 e 1 in Habitare 7\u201311 Sep 2022 - Tammer Brands","robots":{"index":"index","follow":"follow","max-snippet":"max-snippet:-1","max-image-preview":"max-image-preview:large","max-video-preview":"max-video-preview:-1"},"canonical":"https:\/\/www.tammerbrands.fi\/en\/fairticket-habitare-2022\/","og_locale":"en_US","og_type":"article","og_title":"Welcome to our stand 6 e 1 in Habitare 7\u201311 Sep 2022 - Tammer Brands","og_description":"Welcome to our Fanni K stand 6 e 1 in Habitare You are welcome to join the story at our [...]","og_url":"https:\/\/www.tammerbrands.fi\/en\/fairticket-habitare-2022\/","og_site_name":"Tammer Brands","article_modified_time":"2022-08-05T05:21:47+00:00","og_image":[{"width":2000,"height":1080,"url":"https:\/\/www.tammerbrands.fi\/wp-content\/uploads\/2022\/08\/habitare-artikkelikuvalogo.jpg","type":"image\/jpeg"}],"twitter_card":"summary_large_image","twitter_misc":{"Est. reading time":"1 minute"},"schema":{"@context":"https:\/\/schema.org","@graph":[{"@type":"WebPage","@id":"https:\/\/www.tammerbrands.fi\/en\/fairticket-habitare-2022\/","url":"https:\/\/www.tammerbrands.fi\/en\/fairticket-habitare-2022\/","name":"Welcome to our stand 6 e 1 in Habitare 7\u201311 Sep 2022 - Tammer Brands","isPartOf":{"@id":"https:\/\/www.tammerbrands.fi\/#website"},"primaryImageOfPage":{"@id":"https:\/\/www.tammerbrands.fi\/en\/fairticket-habitare-2022\/#primaryimage"},"image":{"@id":"https:\/\/www.tammerbrands.fi\/en\/fairticket-habitare-2022\/#primaryimage"},"thumbnailUrl":"https:\/\/www.tammerbrands.fi\/wp-content\/uploads\/2022\/08\/habitare-artikkelikuvalogo.jpg","datePublished":"2022-08-01T13:39:27+00:00","dateModified":"2022-08-05T05:21:47+00:00","breadcrumb":{"@id":"https:\/\/www.tammerbrands.fi\/en\/fairticket-habitare-2022\/#breadcrumb"},"inLanguage":"en-US","potentialAction":[{"@type":"ReadAction","target":["https:\/\/www.tammerbrands.fi\/en\/fairticket-habitare-2022\/"]}]},{"@type":"ImageObject","inLanguage":"en-US","@id":"https:\/\/www.tammerbrands.fi\/en\/fairticket-habitare-2022\/#primaryimage","url":"https:\/\/www.tammerbrands.fi\/wp-content\/uploads\/2022\/08\/habitare-artikkelikuvalogo.jpg","contentUrl":"https:\/\/www.tammerbrands.fi\/wp-content\/uploads\/2022\/08\/habitare-artikkelikuvalogo.jpg","width":2000,"height":1080,"caption":"Fanni K -tyynyj\u00e4."},{"@type":"BreadcrumbList","@id":"https:\/\/www.tammerbrands.fi\/en\/fairticket-habitare-2022\/#breadcrumb","itemListElement":[{"@type":"ListItem","position":1,"name":"Home","item":"https:\/\/www.tammerbrands.fi\/en\/"},{"@type":"ListItem","position":2,"name":"Welcome to our stand 6 e 1 in Habitare 7\u201311 Sep 2022"}]},{"@type":"WebSite","@id":"https:\/\/www.tammerbrands.fi\/#website","url":"https:\/\/www.tammerbrands.fi\/","name":"Tammer Brands","description":"Mukana arjessa ja juhlassa","potentialAction":[{"@type":"SearchAction","target":{"@type":"EntryPoint","urlTemplate":"https:\/\/www.tammerbrands.fi\/?s={search_term_string}"},"query-input":{"@type":"PropertyValueSpecification","valueRequired":true,"valueName":"search_term_string"}}],"inLanguage":"en-US"}]}},"_links":{"self":[{"href":"https:\/\/www.tammerbrands.fi\/en\/wp-json\/wp\/v2\/pages\/5753","targetHints":{"allow":["GET"]}}],"collection":[{"href":"https:\/\/www.tammerbrands.fi\/en\/wp-json\/wp\/v2\/pages"}],"about":[{"href":"https:\/\/www.tammerbrands.fi\/en\/wp-json\/wp\/v2\/types\/page"}],"author":[{"embeddable":true,"href":"https:\/\/www.tammerbrands.fi\/en\/wp-json\/wp\/v2\/users\/10"}],"replies":[{"embeddable":true,"href":"https:\/\/www.tammerbrands.fi\/en\/wp-json\/wp\/v2\/comments?post=5753"}],"version-history":[{"count":11,"href":"https:\/\/www.tammerbrands.fi\/en\/wp-json\/wp\/v2\/pages\/5753\/revisions"}],"predecessor-version":[{"id":5818,"href":"https:\/\/www.tammerbrands.fi\/en\/wp-json\/wp\/v2\/pages\/5753\/revisions\/5818"}],"wp:featuredmedia":[{"embeddable":true,"href":"https:\/\/www.tammerbrands.fi\/en\/wp-json\/wp\/v2\/media\/5807"}],"wp:attachment":[{"href":"https:\/\/www.tammerbrands.fi\/en\/wp-json\/wp\/v2\/media?parent=5753"}],"curies":[{"name":"wp","href":"https:\/\/api.w.org\/{rel}","templated":true}]}}