{"id":6922,"date":"2022-08-11T14:26:00","date_gmt":"2022-08-11T11:26:00","guid":{"rendered":"https:\/\/www.tammerbrands.fi\/brands\/antibit-uusi\/"},"modified":"2023-05-12T13:31:06","modified_gmt":"2023-05-12T10:31:06","slug":"antibit","status":"publish","type":"page","link":"https:\/\/www.tammerbrands.fi\/en\/brands\/antibit\/","title":{"rendered":"Antibit EN"},"content":{"rendered":"<p><div class=\"fusion-fullwidth fullwidth-box fusion-builder-row-1 fusion-flex-container has-pattern-background has-mask-background fusion-parallax-none nonhundred-percent-fullwidth non-hundred-percent-height-scrolling\" style=\"--awb-background-position:center bottom;--awb-border-radius-top-left:0px;--awb-border-radius-top-right:0px;--awb-border-radius-bottom-right:0px;--awb-border-radius-bottom-left:0px;--awb-min-height:500px;--awb-min-height-medium:300px;--awb-min-height-small:200px;--awb-background-image:url(&quot;https:\/\/www.tammerbrands.fi\/wp-content\/uploads\/2022\/08\/ScanStockPhoto_image_822166-scaled.jpg&quot;);--awb-background-size:cover;--awb-flex-wrap:wrap;\" ><div class=\"fusion-builder-row fusion-row fusion-flex-align-items-flex-start fusion-flex-content-wrap\" style=\"max-width:1144px;margin-left: calc(-4% \/ 2 );margin-right: calc(-4% \/ 2 );\"><div class=\"fusion-layout-column fusion_builder_column fusion-builder-column-0 fusion_builder_column_1_1 1_1 fusion-flex-column\" style=\"--awb-bg-size:cover;--awb-width-large:100%;--awb-margin-top-large:0px;--awb-spacing-right-large:1.92%;--awb-margin-bottom-large:20px;--awb-spacing-left-large:1.92%;--awb-width-medium:100%;--awb-order-medium:0;--awb-spacing-right-medium:1.92%;--awb-spacing-left-medium:1.92%;--awb-width-small:100%;--awb-order-small:0;--awb-spacing-right-small:1.92%;--awb-spacing-left-small:1.92%;\"><div class=\"fusion-column-wrapper fusion-column-has-shadow fusion-flex-justify-content-flex-start fusion-content-layout-column\"><\/div><\/div><\/div><\/div><div class=\"fusion-fullwidth fullwidth-box fusion-builder-row-2 fusion-flex-container has-pattern-background has-mask-background nonhundred-percent-fullwidth non-hundred-percent-height-scrolling\" style=\"--awb-border-radius-top-left:0px;--awb-border-radius-top-right:0px;--awb-border-radius-bottom-right:0px;--awb-border-radius-bottom-left:0px;--awb-flex-wrap:wrap;\" ><div class=\"fusion-builder-row fusion-row fusion-flex-align-items-flex-start fusion-flex-content-wrap\" style=\"max-width:1144px;margin-left: calc(-4% \/ 2 );margin-right: calc(-4% \/ 2 );\"><div class=\"fusion-layout-column fusion_builder_column fusion-builder-column-1 fusion_builder_column_1_1 1_1 fusion-flex-column\" style=\"--awb-bg-size:cover;--awb-width-large:100%;--awb-margin-top-large:0px;--awb-spacing-right-large:1.92%;--awb-margin-bottom-large:20px;--awb-spacing-left-large:1.92%;--awb-width-medium:100%;--awb-order-medium:0;--awb-spacing-right-medium:1.92%;--awb-spacing-left-medium:1.92%;--awb-width-small:100%;--awb-order-small:0;--awb-spacing-right-small:1.92%;--awb-spacing-left-small:1.92%;\"><div class=\"fusion-column-wrapper fusion-column-has-shadow fusion-flex-justify-content-flex-start fusion-content-layout-column\"><div class=\"fusion-image-element \" style=\"text-align:center;--awb-margin-top:30px;--awb-margin-bottom:30px;--awb-caption-title-font-family:var(--h2_typography-font-family);--awb-caption-title-font-weight:var(--h2_typography-font-weight);--awb-caption-title-font-style:var(--h2_typography-font-style);--awb-caption-title-size:var(--h2_typography-font-size);--awb-caption-title-transform:var(--h2_typography-text-transform);--awb-caption-title-line-height:var(--h2_typography-line-height);--awb-caption-title-letter-spacing:var(--h2_typography-letter-spacing);\"><span class=\" fusion-imageframe imageframe-none imageframe-1 hover-type-none\"><img decoding=\"async\" width=\"300\" height=\"300\" title=\"ANTIBIT_LOGO\" src=\"https:\/\/www.tammerbrands.fi\/wp-content\/uploads\/2022\/09\/ANTIBIT_LOGO-300x300.jpg\" alt class=\"img-responsive wp-image-6691\" srcset=\"https:\/\/www.tammerbrands.fi\/wp-content\/uploads\/2022\/09\/ANTIBIT_LOGO-200x200.jpg 200w, https:\/\/www.tammerbrands.fi\/wp-content\/uploads\/2022\/09\/ANTIBIT_LOGO-400x400.jpg 400w, https:\/\/www.tammerbrands.fi\/wp-content\/uploads\/2022\/09\/ANTIBIT_LOGO-600x600.jpg 600w, https:\/\/www.tammerbrands.fi\/wp-content\/uploads\/2022\/09\/ANTIBIT_LOGO-800x800.jpg 800w, https:\/\/www.tammerbrands.fi\/wp-content\/uploads\/2022\/09\/ANTIBIT_LOGO-1200x1200.jpg 1200w, https:\/\/www.tammerbrands.fi\/wp-content\/uploads\/2022\/09\/ANTIBIT_LOGO.jpg 1366w\" sizes=\"(max-width: 1024px) 100vw, (max-width: 640px) 100vw, 1200px\" \/><\/span><\/div><\/div><\/div><div class=\"fusion-layout-column fusion_builder_column fusion-builder-column-2 fusion_builder_column_1_2 1_2 fusion-flex-column fusion-flex-align-self-center\" style=\"--awb-bg-size:cover;--awb-width-large:50%;--awb-margin-top-large:0px;--awb-spacing-right-large:3.84%;--awb-margin-bottom-large:20px;--awb-spacing-left-large:3.84%;--awb-width-medium:100%;--awb-order-medium:0;--awb-spacing-right-medium:1.92%;--awb-spacing-left-medium:1.92%;--awb-width-small:100%;--awb-order-small:0;--awb-spacing-right-small:1.92%;--awb-spacing-left-small:1.92%;\"><div class=\"fusion-column-wrapper fusion-column-has-shadow fusion-flex-justify-content-center fusion-content-layout-column\"><div class=\"fusion-text fusion-text-1\"><p>Enjoy your time at home, the summer house and in nature without uninvited guests. The versatile <strong>Antibit<\/strong> product family helps in the local control and eradication of unwanted insects. Flies, mosquitoes and other insects stay away from where they are not wanted. Advanced and safe, Antibit products are efficient and easy to use.<\/p>\n<\/div><\/div><\/div><div class=\"fusion-layout-column fusion_builder_column fusion-builder-column-3 fusion_builder_column_1_2 1_2 fusion-flex-column\" style=\"--awb-bg-size:cover;--awb-width-large:50%;--awb-margin-top-large:0px;--awb-spacing-right-large:3.84%;--awb-margin-bottom-large:20px;--awb-spacing-left-large:3.84%;--awb-width-medium:100%;--awb-order-medium:0;--awb-spacing-right-medium:1.92%;--awb-spacing-left-medium:1.92%;--awb-width-small:100%;--awb-order-small:0;--awb-spacing-right-small:1.92%;--awb-spacing-left-small:1.92%;\"><div class=\"fusion-column-wrapper fusion-column-has-shadow fusion-flex-justify-content-flex-start fusion-content-layout-column\"><div class=\"fusion-image-element \" style=\"--awb-caption-title-font-family:var(--h2_typography-font-family);--awb-caption-title-font-weight:var(--h2_typography-font-weight);--awb-caption-title-font-style:var(--h2_typography-font-style);--awb-caption-title-size:var(--h2_typography-font-size);--awb-caption-title-transform:var(--h2_typography-text-transform);--awb-caption-title-line-height:var(--h2_typography-line-height);--awb-caption-title-letter-spacing:var(--h2_typography-letter-spacing);\"><span class=\" fusion-imageframe imageframe-none imageframe-2 hover-type-none\"><img decoding=\"async\" width=\"761\" height=\"757\" title=\"330362_oldimages_001\" src=\"https:\/\/www.tammerbrands.fi\/wp-content\/uploads\/2022\/08\/330362_oldimages_001-e1660298110248.jpg\" alt class=\"img-responsive wp-image-6176\"\/><\/span><\/div><\/div><\/div><div class=\"fusion-layout-column fusion_builder_column fusion-builder-column-4 fusion_builder_column_1_5 1_5 fusion-flex-column\" style=\"--awb-bg-color:#f8ea23;--awb-bg-color-hover:#f8ea23;--awb-bg-size:cover;--awb-width-large:20%;--awb-margin-top-large:0px;--awb-spacing-right-large:2px;--awb-margin-bottom-large:20px;--awb-spacing-left-large:9.6%;--awb-width-medium:100%;--awb-order-medium:0;--awb-spacing-right-medium:1.92%;--awb-spacing-left-medium:1.92%;--awb-width-small:100%;--awb-order-small:0;--awb-spacing-right-small:1.92%;--awb-spacing-left-small:1.92%;\"><div class=\"fusion-column-wrapper fusion-column-has-shadow fusion-flex-justify-content-flex-start fusion-content-layout-column\"><div class=\"fusion-text fusion-text-2\" style=\"--awb-font-size:25px;--awb-text-color:#205a43;--awb-margin-right:5px;--awb-margin-left:5px;\"><p style=\"text-align: center;\">Insect screens and curtains<\/p>\n<\/div><\/div><\/div><div class=\"fusion-layout-column fusion_builder_column fusion-builder-column-5 fusion_builder_column_1_5 1_5 fusion-flex-column\" style=\"--awb-bg-color:#f8ea23;--awb-bg-color-hover:#f8ea23;--awb-bg-size:cover;--awb-width-large:20%;--awb-margin-top-large:0px;--awb-spacing-right-large:2px;--awb-margin-bottom-large:20px;--awb-spacing-left-large:9.6%;--awb-width-medium:100%;--awb-order-medium:0;--awb-spacing-right-medium:1.92%;--awb-spacing-left-medium:1.92%;--awb-width-small:100%;--awb-order-small:0;--awb-spacing-right-small:1.92%;--awb-spacing-left-small:1.92%;\"><div class=\"fusion-column-wrapper fusion-column-has-shadow fusion-flex-justify-content-flex-start fusion-content-layout-column\"><div class=\"fusion-text fusion-text-3\" style=\"--awb-font-size:25px;--awb-text-color:#205a43;--awb-margin-right:5px;--awb-margin-left:5px;\"><p style=\"text-align: center;\">Insect traps<\/p>\n<\/div><\/div><\/div><div class=\"fusion-layout-column fusion_builder_column fusion-builder-column-6 fusion_builder_column_1_5 1_5 fusion-flex-column\" style=\"--awb-bg-color:#f8ea23;--awb-bg-color-hover:#f8ea23;--awb-bg-size:cover;--awb-width-large:20%;--awb-margin-top-large:0px;--awb-spacing-right-large:2px;--awb-margin-bottom-large:20px;--awb-spacing-left-large:9.6%;--awb-width-medium:100%;--awb-order-medium:0;--awb-spacing-right-medium:1.92%;--awb-spacing-left-medium:1.92%;--awb-width-small:100%;--awb-order-small:0;--awb-spacing-right-small:1.92%;--awb-spacing-left-small:1.92%;\"><div class=\"fusion-column-wrapper fusion-column-has-shadow fusion-flex-justify-content-flex-start fusion-content-layout-column\"><div class=\"fusion-text fusion-text-4\" style=\"--awb-font-size:25px;--awb-text-color:#205a43;--awb-margin-right:5px;--awb-margin-left:5px;\"><p style=\"text-align: center;\">Fly swatters, papers and tapes<\/p>\n<\/div><\/div><\/div><div class=\"fusion-layout-column fusion_builder_column fusion-builder-column-7 fusion_builder_column_1_5 1_5 fusion-flex-column\" style=\"--awb-bg-color:#f8ea23;--awb-bg-color-hover:#f8ea23;--awb-bg-size:cover;--awb-width-large:20%;--awb-margin-top-large:0px;--awb-spacing-right-large:2px;--awb-margin-bottom-large:20px;--awb-spacing-left-large:9.6%;--awb-width-medium:100%;--awb-order-medium:0;--awb-spacing-right-medium:1.92%;--awb-spacing-left-medium:1.92%;--awb-width-small:100%;--awb-order-small:0;--awb-spacing-right-small:1.92%;--awb-spacing-left-small:1.92%;\"><div class=\"fusion-column-wrapper fusion-column-has-shadow fusion-flex-justify-content-flex-start fusion-content-layout-column\"><div class=\"fusion-text fusion-text-5\" style=\"--awb-font-size:25px;--awb-text-color:#205a43;--awb-margin-right:5px;--awb-margin-left:5px;\"><p style=\"text-align: center;\">Tick bars and tweezers<\/p>\n<\/div><\/div><\/div><div class=\"fusion-layout-column fusion_builder_column fusion-builder-column-8 fusion_builder_column_1_5 1_5 fusion-flex-column\" style=\"--awb-bg-color:#f8ea23;--awb-bg-color-hover:#f8ea23;--awb-bg-size:cover;--awb-width-large:20%;--awb-margin-top-large:0px;--awb-spacing-right-large:2px;--awb-margin-bottom-large:20px;--awb-spacing-left-large:9.6%;--awb-width-medium:100%;--awb-order-medium:0;--awb-spacing-right-medium:1.92%;--awb-spacing-left-medium:1.92%;--awb-width-small:100%;--awb-order-small:0;--awb-spacing-right-small:1.92%;--awb-spacing-left-small:1.92%;\"><div class=\"fusion-column-wrapper fusion-column-has-shadow fusion-flex-justify-content-flex-start fusion-content-layout-column\"><div class=\"fusion-text fusion-text-6\" style=\"--awb-font-size:25px;--awb-text-color:#205a43;--awb-margin-right:5px;--awb-margin-left:5px;\"><p style=\"text-align: center;\">Filter screens<\/p>\n<\/div><\/div><\/div><div class=\"fusion-layout-column fusion_builder_column fusion-builder-column-9 fusion_builder_column_1_1 1_1 fusion-flex-column\" style=\"--awb-bg-size:cover;--awb-width-large:100%;--awb-margin-top-large:0px;--awb-spacing-right-large:1.92%;--awb-margin-bottom-large:20px;--awb-spacing-left-large:1.92%;--awb-width-medium:100%;--awb-order-medium:0;--awb-spacing-right-medium:1.92%;--awb-spacing-left-medium:1.92%;--awb-width-small:100%;--awb-order-small:0;--awb-spacing-right-small:1.92%;--awb-spacing-left-small:1.92%;\"><div class=\"fusion-column-wrapper fusion-column-has-shadow fusion-flex-justify-content-flex-start fusion-content-layout-column\"><div class=\"fusion-image-carousel fusion-image-carousel-auto fusion-image-carousel-1 fusion-carousel-border\"><div class=\"awb-carousel awb-swiper awb-swiper-carousel awb-carousel--carousel awb-swiper-dots-position-bottom\" data-layout=\"carousel\" data-autoplay=\"no\" data-autoplayspeed=\"2500\" data-autoplaypause=\"no\" data-loop=\"yes\" data-columns=\"3\" data-columnsmedium=\"1\" data-columnssmall=\"1\" data-itemmargin=\"13\" data-itemwidth=\"180\" data-touchscroll=\"no\" data-freemode=\"no\" data-imagesize=\"auto\" data-scrollitems=\"0\" data-centeredslides=\"no\" data-rotationangle=\"50\" data-depth=\"100\" data-speed=\"500\" data-shadow=\"no\" data-pagination=\"bullets\" style=\"--awb-columns:3;--awb-border-width:1px;--awb-border-color:#e9eaee;\"><div class=\"swiper-wrapper awb-image-carousel-wrapper fusion-flex-align-items-center\"><div class=\"swiper-slide\"><div class=\"fusion-carousel-item-wrapper\"><div class=\"fusion-image-wrapper hover-type-none\"><a href=\"https:\/\/v2.tammerbrands24h.fi\/sku\/622754\" target=\"_blank\" rel=\"noopener noreferrer\"><img decoding=\"async\" width=\"2560\" height=\"1704\" src=\"https:\/\/www.tammerbrands.fi\/wp-content\/uploads\/2022\/09\/622754-scaled.jpg\" class=\"attachment-full size-full\" alt=\"\" srcset=\"https:\/\/www.tammerbrands.fi\/wp-content\/uploads\/2022\/09\/622754-200x133.jpg 200w, https:\/\/www.tammerbrands.fi\/wp-content\/uploads\/2022\/09\/622754-400x266.jpg 400w, https:\/\/www.tammerbrands.fi\/wp-content\/uploads\/2022\/09\/622754-600x399.jpg 600w, https:\/\/www.tammerbrands.fi\/wp-content\/uploads\/2022\/09\/622754-800x533.jpg 800w, https:\/\/www.tammerbrands.fi\/wp-content\/uploads\/2022\/09\/622754-1200x799.jpg 1200w, https:\/\/www.tammerbrands.fi\/wp-content\/uploads\/2022\/09\/622754-scaled.jpg 2560w\" sizes=\"(min-width: 2200px) 100vw, (min-width: 784px) 358px, (min-width: 712px) 537px, (min-width: 640px) 712px, \" \/><\/a><\/div><\/div><\/div><div class=\"swiper-slide\"><div class=\"fusion-carousel-item-wrapper\"><div class=\"fusion-image-wrapper hover-type-none\"><a href=\"https:\/\/v2.tammerbrands24h.fi\/sku\/311466\" target=\"_blank\" rel=\"noopener noreferrer\"><img decoding=\"async\" width=\"2560\" height=\"1706\" src=\"https:\/\/www.tammerbrands.fi\/wp-content\/uploads\/2022\/09\/311466-scaled.jpg\" class=\"attachment-full size-full\" alt=\"\" srcset=\"https:\/\/www.tammerbrands.fi\/wp-content\/uploads\/2022\/09\/311466-200x133.jpg 200w, https:\/\/www.tammerbrands.fi\/wp-content\/uploads\/2022\/09\/311466-400x267.jpg 400w, https:\/\/www.tammerbrands.fi\/wp-content\/uploads\/2022\/09\/311466-600x400.jpg 600w, https:\/\/www.tammerbrands.fi\/wp-content\/uploads\/2022\/09\/311466-800x533.jpg 800w, https:\/\/www.tammerbrands.fi\/wp-content\/uploads\/2022\/09\/311466-1200x800.jpg 1200w, https:\/\/www.tammerbrands.fi\/wp-content\/uploads\/2022\/09\/311466-scaled.jpg 2560w\" sizes=\"(min-width: 2200px) 100vw, (min-width: 784px) 358px, (min-width: 712px) 537px, (min-width: 640px) 712px, \" \/><\/a><\/div><\/div><\/div><div class=\"swiper-slide\"><div class=\"fusion-carousel-item-wrapper\"><div class=\"fusion-image-wrapper hover-type-none\"><a href=\"https:\/\/v2.tammerbrands24h.fi\/sku\/604309\" target=\"_blank\" rel=\"noopener noreferrer\"><img decoding=\"async\" width=\"4000\" height=\"2665\" src=\"https:\/\/www.tammerbrands.fi\/wp-content\/uploads\/2022\/09\/604309.png\" class=\"attachment-full size-full\" alt=\"\" srcset=\"https:\/\/www.tammerbrands.fi\/wp-content\/uploads\/2022\/09\/604309-200x133.png 200w, https:\/\/www.tammerbrands.fi\/wp-content\/uploads\/2022\/09\/604309-400x267.png 400w, https:\/\/www.tammerbrands.fi\/wp-content\/uploads\/2022\/09\/604309-600x400.png 600w, https:\/\/www.tammerbrands.fi\/wp-content\/uploads\/2022\/09\/604309-800x533.png 800w, https:\/\/www.tammerbrands.fi\/wp-content\/uploads\/2022\/09\/604309-1200x800.png 1200w, https:\/\/www.tammerbrands.fi\/wp-content\/uploads\/2022\/09\/604309.png 4000w\" sizes=\"(min-width: 2200px) 100vw, (min-width: 784px) 358px, (min-width: 712px) 537px, (min-width: 640px) 712px, \" \/><\/a><\/div><\/div><\/div><\/div><div class=\"awb-swiper-button awb-swiper-button-prev\"><i class=\"awb-icon-angle-left\" aria-hidden=\"true\"><\/i><\/div><div class=\"awb-swiper-button awb-swiper-button-next\"><i class=\"awb-icon-angle-right\" aria-hidden=\"true\"><\/i><\/div><\/div><\/div><\/div><\/div><div class=\"fusion-layout-column fusion_builder_column fusion-builder-column-10 fusion_builder_column_1_1 1_1 fusion-flex-column\" style=\"--awb-bg-size:cover;--awb-width-large:100%;--awb-margin-top-large:0px;--awb-spacing-right-large:1.92%;--awb-margin-bottom-large:20px;--awb-spacing-left-large:1.92%;--awb-width-medium:100%;--awb-order-medium:0;--awb-spacing-right-medium:1.92%;--awb-spacing-left-medium:1.92%;--awb-width-small:100%;--awb-order-small:0;--awb-spacing-right-small:1.92%;--awb-spacing-left-small:1.92%;\"><div class=\"fusion-column-wrapper fusion-column-has-shadow fusion-flex-justify-content-flex-start fusion-content-layout-column\"><div class=\"fusion-image-element \" style=\"--awb-caption-title-font-family:var(--h2_typography-font-family);--awb-caption-title-font-weight:var(--h2_typography-font-weight);--awb-caption-title-font-style:var(--h2_typography-font-style);--awb-caption-title-size:var(--h2_typography-font-size);--awb-caption-title-transform:var(--h2_typography-text-transform);--awb-caption-title-line-height:var(--h2_typography-line-height);--awb-caption-title-letter-spacing:var(--h2_typography-letter-spacing);\"><span class=\" fusion-imageframe imageframe-none imageframe-3 hover-type-none\"><img decoding=\"async\" width=\"1366\" height=\"350\" title=\"Antibit_\u00f6t\u00f6k\u00e4t\" src=\"https:\/\/www.tammerbrands.fi\/wp-content\/uploads\/2022\/09\/Antibit_otokat.jpg\" alt class=\"img-responsive wp-image-6722\" srcset=\"https:\/\/www.tammerbrands.fi\/wp-content\/uploads\/2022\/09\/Antibit_otokat-200x51.jpg 200w, https:\/\/www.tammerbrands.fi\/wp-content\/uploads\/2022\/09\/Antibit_otokat-400x102.jpg 400w, https:\/\/www.tammerbrands.fi\/wp-content\/uploads\/2022\/09\/Antibit_otokat-600x154.jpg 600w, https:\/\/www.tammerbrands.fi\/wp-content\/uploads\/2022\/09\/Antibit_otokat-800x205.jpg 800w, https:\/\/www.tammerbrands.fi\/wp-content\/uploads\/2022\/09\/Antibit_otokat-1200x307.jpg 1200w, https:\/\/www.tammerbrands.fi\/wp-content\/uploads\/2022\/09\/Antibit_otokat.jpg 1366w\" sizes=\"(max-width: 1024px) 100vw, (max-width: 640px) 100vw, 1200px\" \/><\/span><\/div><div style=\"text-align:center;\"><a class=\"fusion-button button-flat fusion-button-default-size button-default fusion-button-default button-1 fusion-button-default-span fusion-button-default-type\" target=\"_blank\" rel=\"noopener noreferrer\" href=\"https:\/\/v2.tammerbrands24h.fi\/brands\/antibit\"><span class=\"fusion-button-text awb-button__text awb-button__text--default\">B2B-webstore<\/span><\/a><\/div><\/div><\/div><div class=\"fusion-layout-column fusion_builder_column fusion-builder-column-11 fusion_builder_column_1_1 1_1 fusion-flex-column\" style=\"--awb-bg-size:cover;--awb-width-large:100%;--awb-margin-top-large:0px;--awb-spacing-right-large:1.92%;--awb-margin-bottom-large:20px;--awb-spacing-left-large:1.92%;--awb-width-medium:100%;--awb-order-medium:0;--awb-spacing-right-medium:1.92%;--awb-spacing-left-medium:1.92%;--awb-width-small:100%;--awb-order-small:0;--awb-spacing-right-small:1.92%;--awb-spacing-left-small:1.92%;\"><div class=\"fusion-column-wrapper fusion-column-has-shadow fusion-flex-justify-content-flex-start fusion-content-layout-column\"><div class=\"fusion-image-element \" style=\"text-align:center;--awb-margin-top:30px;--awb-margin-bottom:30px;--awb-caption-title-font-family:var(--h2_typography-font-family);--awb-caption-title-font-weight:var(--h2_typography-font-weight);--awb-caption-title-font-style:var(--h2_typography-font-style);--awb-caption-title-size:var(--h2_typography-font-size);--awb-caption-title-transform:var(--h2_typography-text-transform);--awb-caption-title-line-height:var(--h2_typography-line-height);--awb-caption-title-letter-spacing:var(--h2_typography-letter-spacing);\"><span class=\" fusion-imageframe imageframe-none imageframe-4 hover-type-none\"><img decoding=\"async\" width=\"300\" height=\"300\" title=\"ANTIBIT_LOGO\" src=\"https:\/\/www.tammerbrands.fi\/wp-content\/uploads\/2022\/09\/ANTIBIT_LOGO-300x300.jpg\" alt class=\"img-responsive wp-image-6691\" srcset=\"https:\/\/www.tammerbrands.fi\/wp-content\/uploads\/2022\/09\/ANTIBIT_LOGO-200x200.jpg 200w, https:\/\/www.tammerbrands.fi\/wp-content\/uploads\/2022\/09\/ANTIBIT_LOGO-400x400.jpg 400w, https:\/\/www.tammerbrands.fi\/wp-content\/uploads\/2022\/09\/ANTIBIT_LOGO-600x600.jpg 600w, https:\/\/www.tammerbrands.fi\/wp-content\/uploads\/2022\/09\/ANTIBIT_LOGO-800x800.jpg 800w, https:\/\/www.tammerbrands.fi\/wp-content\/uploads\/2022\/09\/ANTIBIT_LOGO-1200x1200.jpg 1200w, https:\/\/www.tammerbrands.fi\/wp-content\/uploads\/2022\/09\/ANTIBIT_LOGO.jpg 1366w\" sizes=\"(max-width: 1024px) 100vw, (max-width: 640px) 100vw, 1200px\" \/><\/span><\/div><\/div><\/div><\/div><\/div><\/p>\n","protected":false},"excerpt":{"rendered":"","protected":false},"author":12,"featured_media":0,"parent":792,"menu_order":0,"comment_status":"closed","ping_status":"closed","template":"100-width.php","meta":{"footnotes":""},"class_list":["post-6922","page","type-page","status-publish","hentry"],"yoast_head":"<!-- This site is optimized with the Yoast SEO plugin v27.4 - https:\/\/yoast.com\/product\/yoast-seo-wordpress\/ -->\n<title>Antibit EN - Tammer Brands<\/title>\n<meta name=\"robots\" content=\"index, follow, max-snippet:-1, max-image-preview:large, max-video-preview:-1\" \/>\n<link rel=\"canonical\" href=\"https:\/\/www.tammerbrands.fi\/en\/brands\/antibit\/\" \/>\n<meta property=\"og:locale\" content=\"en_US\" \/>\n<meta property=\"og:type\" content=\"article\" \/>\n<meta property=\"og:title\" content=\"Antibit EN - Tammer Brands\" \/>\n<meta property=\"og:url\" content=\"https:\/\/www.tammerbrands.fi\/en\/brands\/antibit\/\" \/>\n<meta property=\"og:site_name\" content=\"Tammer Brands\" \/>\n<meta property=\"article:modified_time\" content=\"2023-05-12T10:31:06+00:00\" \/>\n<meta name=\"twitter:card\" content=\"summary_large_image\" \/>\n<meta name=\"twitter:label1\" content=\"Est. reading time\" \/>\n\t<meta name=\"twitter:data1\" content=\"16 minutes\" \/>\n<script type=\"application\/ld+json\" class=\"yoast-schema-graph\">{\"@context\":\"https:\\\/\\\/schema.org\",\"@graph\":[{\"@type\":\"WebPage\",\"@id\":\"https:\\\/\\\/www.tammerbrands.fi\\\/en\\\/brands\\\/antibit\\\/\",\"url\":\"https:\\\/\\\/www.tammerbrands.fi\\\/en\\\/brands\\\/antibit\\\/\",\"name\":\"Antibit EN - Tammer Brands\",\"isPartOf\":{\"@id\":\"https:\\\/\\\/www.tammerbrands.fi\\\/#website\"},\"datePublished\":\"2022-08-11T11:26:00+00:00\",\"dateModified\":\"2023-05-12T10:31:06+00:00\",\"breadcrumb\":{\"@id\":\"https:\\\/\\\/www.tammerbrands.fi\\\/en\\\/brands\\\/antibit\\\/#breadcrumb\"},\"inLanguage\":\"en-US\",\"potentialAction\":[{\"@type\":\"ReadAction\",\"target\":[\"https:\\\/\\\/www.tammerbrands.fi\\\/en\\\/brands\\\/antibit\\\/\"]}]},{\"@type\":\"BreadcrumbList\",\"@id\":\"https:\\\/\\\/www.tammerbrands.fi\\\/en\\\/brands\\\/antibit\\\/#breadcrumb\",\"itemListElement\":[{\"@type\":\"ListItem\",\"position\":1,\"name\":\"Home\",\"item\":\"https:\\\/\\\/www.tammerbrands.fi\\\/en\\\/\"},{\"@type\":\"ListItem\",\"position\":2,\"name\":\"Brands\",\"item\":\"https:\\\/\\\/www.tammerbrands.fi\\\/en\\\/brands\\\/\"},{\"@type\":\"ListItem\",\"position\":3,\"name\":\"Antibit EN\"}]},{\"@type\":\"WebSite\",\"@id\":\"https:\\\/\\\/www.tammerbrands.fi\\\/#website\",\"url\":\"https:\\\/\\\/www.tammerbrands.fi\\\/\",\"name\":\"Tammer Brands\",\"description\":\"Mukana arjessa ja juhlassa\",\"potentialAction\":[{\"@type\":\"SearchAction\",\"target\":{\"@type\":\"EntryPoint\",\"urlTemplate\":\"https:\\\/\\\/www.tammerbrands.fi\\\/?s={search_term_string}\"},\"query-input\":{\"@type\":\"PropertyValueSpecification\",\"valueRequired\":true,\"valueName\":\"search_term_string\"}}],\"inLanguage\":\"en-US\"}]}<\/script>\n<!-- \/ Yoast SEO plugin. -->","yoast_head_json":{"title":"Antibit EN - Tammer Brands","robots":{"index":"index","follow":"follow","max-snippet":"max-snippet:-1","max-image-preview":"max-image-preview:large","max-video-preview":"max-video-preview:-1"},"canonical":"https:\/\/www.tammerbrands.fi\/en\/brands\/antibit\/","og_locale":"en_US","og_type":"article","og_title":"Antibit EN - Tammer Brands","og_url":"https:\/\/www.tammerbrands.fi\/en\/brands\/antibit\/","og_site_name":"Tammer Brands","article_modified_time":"2023-05-12T10:31:06+00:00","twitter_card":"summary_large_image","twitter_misc":{"Est. reading time":"16 minutes"},"schema":{"@context":"https:\/\/schema.org","@graph":[{"@type":"WebPage","@id":"https:\/\/www.tammerbrands.fi\/en\/brands\/antibit\/","url":"https:\/\/www.tammerbrands.fi\/en\/brands\/antibit\/","name":"Antibit EN - Tammer Brands","isPartOf":{"@id":"https:\/\/www.tammerbrands.fi\/#website"},"datePublished":"2022-08-11T11:26:00+00:00","dateModified":"2023-05-12T10:31:06+00:00","breadcrumb":{"@id":"https:\/\/www.tammerbrands.fi\/en\/brands\/antibit\/#breadcrumb"},"inLanguage":"en-US","potentialAction":[{"@type":"ReadAction","target":["https:\/\/www.tammerbrands.fi\/en\/brands\/antibit\/"]}]},{"@type":"BreadcrumbList","@id":"https:\/\/www.tammerbrands.fi\/en\/brands\/antibit\/#breadcrumb","itemListElement":[{"@type":"ListItem","position":1,"name":"Home","item":"https:\/\/www.tammerbrands.fi\/en\/"},{"@type":"ListItem","position":2,"name":"Brands","item":"https:\/\/www.tammerbrands.fi\/en\/brands\/"},{"@type":"ListItem","position":3,"name":"Antibit EN"}]},{"@type":"WebSite","@id":"https:\/\/www.tammerbrands.fi\/#website","url":"https:\/\/www.tammerbrands.fi\/","name":"Tammer Brands","description":"Mukana arjessa ja juhlassa","potentialAction":[{"@type":"SearchAction","target":{"@type":"EntryPoint","urlTemplate":"https:\/\/www.tammerbrands.fi\/?s={search_term_string}"},"query-input":{"@type":"PropertyValueSpecification","valueRequired":true,"valueName":"search_term_string"}}],"inLanguage":"en-US"}]}},"_links":{"self":[{"href":"https:\/\/www.tammerbrands.fi\/en\/wp-json\/wp\/v2\/pages\/6922","targetHints":{"allow":["GET"]}}],"collection":[{"href":"https:\/\/www.tammerbrands.fi\/en\/wp-json\/wp\/v2\/pages"}],"about":[{"href":"https:\/\/www.tammerbrands.fi\/en\/wp-json\/wp\/v2\/types\/page"}],"author":[{"embeddable":true,"href":"https:\/\/www.tammerbrands.fi\/en\/wp-json\/wp\/v2\/users\/12"}],"replies":[{"embeddable":true,"href":"https:\/\/www.tammerbrands.fi\/en\/wp-json\/wp\/v2\/comments?post=6922"}],"version-history":[{"count":5,"href":"https:\/\/www.tammerbrands.fi\/en\/wp-json\/wp\/v2\/pages\/6922\/revisions"}],"predecessor-version":[{"id":9068,"href":"https:\/\/www.tammerbrands.fi\/en\/wp-json\/wp\/v2\/pages\/6922\/revisions\/9068"}],"up":[{"embeddable":true,"href":"https:\/\/www.tammerbrands.fi\/en\/wp-json\/wp\/v2\/pages\/792"}],"wp:attachment":[{"href":"https:\/\/www.tammerbrands.fi\/en\/wp-json\/wp\/v2\/media?parent=6922"}],"curies":[{"name":"wp","href":"https:\/\/api.w.org\/{rel}","templated":true}]}}